{"id":1052,"date":"2026-02-17T22:14:39","date_gmt":"2026-02-17T22:14:39","guid":{"rendered":"https:\/\/kulturwerkstatt-lapalma.com\/?page_id=1052"},"modified":"2026-02-17T22:28:43","modified_gmt":"2026-02-17T22:28:43","slug":"el-equipo","status":"publish","type":"page","link":"https:\/\/kulturwerkstatt-lapalma.com\/es\/das-team\/","title":{"rendered":"El equipo"},"content":{"rendered":"<div class=\"et_pb_section_0 et_pb_section et_section_regular et_flex_section\"><span class=\"et_pb_background_pattern\"><\/span>\n<div class=\"et_pb_row_0 et_pb_row et_block_row\">\n<div class=\"et_pb_column_0 et_pb_column et_pb_column_4_4 et-last-child et_flex_column et_pb_css_mix_blend_mode_passthrough\">\n<div class=\"et_pb_row_1 et_pb_row et_pb_row_nested et_flex_row\">\n<div class=\"et_pb_column_1 et_pb_column et-last-child et_flex_column et_pb_css_mix_blend_mode_passthrough et_flex_column_24_24 et_flex_column_24_24_tablet et_flex_column_24_24_phone et_flex_column_24_24_ultraWide\">\n<div class=\"et_pb_text_0 et_pb_text et_pb_bg_layout_light et_pb_module et_flex_module\"><div class=\"et_pb_text_inner\"><h1 style=\"text-align: center;\">Nuestro nuevo equipo<\/h1>\n<\/div><\/div>\n<\/div>\n<\/div>\n\n<div class=\"et_pb_team_member_0 et_pb_team_member et_pb_bg_layout_light et_pb_module et_grid_module\"><div class=\"et_pb_team_member_image et-waypoint et_pb_animation_off\"><img decoding=\"async\" src=\"https:\/\/kulturwerkstatt-lapalma.com\/wp-content\/uploads\/2025\/12\/Profil_Edith.webp\" alt=\"Edith\" width=\"308\" height=\"308\" srcset=\"https:\/\/kulturwerkstatt-lapalma.com\/wp-content\/uploads\/2025\/12\/Profil_Edith.webp 308w, https:\/\/kulturwerkstatt-lapalma.com\/wp-content\/uploads\/2025\/12\/Profil_Edith-300x300.webp 300w, https:\/\/kulturwerkstatt-lapalma.com\/wp-content\/uploads\/2025\/12\/Profil_Edith-150x150.webp 150w\" sizes=\"(max-width: 308px) 100vw, 308px\" class=\"wp-image-93\" title=\"Perfil_Edith\" \/><\/div><div class=\"et_pb_team_member_description\"><h4 class=\"et_pb_module_header\">Edith<\/h4><div class=\"et_pb_team_member_description_content\"><p>Edith Moor vive en El Castillo desde hace 13 a\u00f1os. Ha sido profesora y terapeuta social antropos\u00f3fica, adem\u00e1s de permacultora. En la vida cultural, la interacci\u00f3n social es especialmente importante para ella, pero tambi\u00e9n todo lo relacionado con las actividades art\u00edsticas y creativas. En el centro cultural Viento del Norte, espera contar con un amplio espectro de eventos tanto alemanes como espa\u00f1oles y contribuir as\u00ed al encuentro cultural.<\/p>\n<\/div><\/div><\/div>\n\n<div class=\"et_pb_row_2 et_pb_row et_pb_row_nested et_block_row\">\n<div class=\"et_pb_column_2 et_pb_column et_pb_column_4_4 et-last-child et_flex_column et_pb_css_mix_blend_mode_passthrough\">\n<div class=\"et_pb_team_member_1 et_pb_team_member et_pb_bg_layout_light et_pb_module et_grid_module\"><div class=\"et_pb_team_member_image et-waypoint et_pb_animation_off\"><img decoding=\"async\" src=\"https:\/\/kulturwerkstatt-lapalma.com\/wp-content\/uploads\/2025\/12\/Profil-Brenda-1.jpg-1.jpg\" alt=\"Brenda\" width=\"681\" height=\"823\" srcset=\"https:\/\/kulturwerkstatt-lapalma.com\/wp-content\/uploads\/2025\/12\/Profil-Brenda-1.jpg-1.jpg 681w, https:\/\/kulturwerkstatt-lapalma.com\/wp-content\/uploads\/2025\/12\/Profil-Brenda-1.jpg-1-480x580.jpg 480w\" sizes=\"(min-width: 0px) and (max-width: 480px) 480px, (min-width: 481px) 681px, 100vw\" class=\"wp-image-278\" title=\"Perfil Brenda.jpg\" \/><\/div><div class=\"et_pb_team_member_description\"><h4 class=\"et_pb_module_header\">Brenda<\/h4><div class=\"et_pb_team_member_description_content\"><p>Mi nombre es Mar\u00eda Brenda Lara Ruiz, maestra de profesi\u00f3n y aunque nac\u00ed en la Pen\u00ednsula, la vida me trajo a La Palma; m\u00e1s concretamente a Puntagorda, donde actualmente trabajo en una peque\u00f1a tienda de productos ecol\u00f3gicos. Para m\u00ed, si entendemos la cultura como el conjunto de herramientas necesarias para vivir en un entorno, ahora m\u00e1s que nunca necesitamos definir y facilitar aquellas que nos permitan responder sentimentalmente al derecho a ser humanos. Este es el principio que inspira mi compromiso con la Asociaci\u00f3n Viento del Norte.<\/p>\n<\/div><\/div><\/div>\n<\/div>\n<\/div>\n\n<div class=\"et_pb_team_member_2 et_pb_team_member et_pb_bg_layout_light et_pb_module et_grid_module\"><div class=\"et_pb_team_member_image et-waypoint et_pb_animation_off\"><img decoding=\"async\" src=\"https:\/\/kulturwerkstatt-lapalma.com\/wp-content\/uploads\/2025\/12\/blossom-5356482_640.jpg\" alt=\"Iris\" width=\"640\" height=\"500\" srcset=\"https:\/\/kulturwerkstatt-lapalma.com\/wp-content\/uploads\/2025\/12\/blossom-5356482_640.jpg 640w, https:\/\/kulturwerkstatt-lapalma.com\/wp-content\/uploads\/2025\/12\/blossom-5356482_640-480x375.jpg 480w\" sizes=\"(min-width: 0px) and (max-width: 480px) 480px, (min-width: 481px) 640px, 100vw\" class=\"wp-image-70\" title=\"flor-5356482_640\" \/><\/div><div class=\"et_pb_team_member_description\"><h4 class=\"et_pb_module_header\">Iris<\/h4><div class=\"et_pb_team_member_description_content\"><p>Iris Winter-Markward ha convertido su pasi\u00f3n en profesi\u00f3n y lleva muchos a\u00f1os especializ\u00e1ndose en plantas medicinales. En 2008 fund\u00f3 la Escuela de Plantas Medicinales del Lago de Constanza y desde entonces ha formado a muchas personas en la ciencia de las plantas medicinales con su programa pr\u00e1ctico.<\/p>\n<p>Nun lebt sie seit einigen Jahren auf La Palma und wirkt hier als Ausbilderin und Heilpraktikerin weiter. Der Norden La Palmas bietet hierzu mit seiner reichen Flora alles, was ihr Herz h\u00f6her schlagen l\u00e4sst.<\/p>\n<\/div><\/div><\/div>\n<\/div>\n<\/div>\n\n<div class=\"et_pb_row_3 et_pb_row et_block_row\">\n<div class=\"et_pb_column_3 et_pb_column et_pb_column_4_4 et-last-child et_flex_column et_pb_css_mix_blend_mode_passthrough\">\n<div class=\"et_pb_team_member_3 et_pb_team_member et_pb_bg_layout_light et_pb_module et_grid_module\"><div class=\"et_pb_team_member_image et-waypoint et_pb_animation_off\"><img decoding=\"async\" src=\"https:\/\/kulturwerkstatt-lapalma.com\/wp-content\/uploads\/2025\/12\/Friedrich_Profil.webp\" alt=\"Friedrich\" width=\"747\" height=\"597\" srcset=\"https:\/\/kulturwerkstatt-lapalma.com\/wp-content\/uploads\/2025\/12\/Friedrich_Profil.webp 747w, https:\/\/kulturwerkstatt-lapalma.com\/wp-content\/uploads\/2025\/12\/Friedrich_Profil-480x384.webp 480w\" sizes=\"(min-width: 0px) and (max-width: 480px) 480px, (min-width: 481px) 747px, 100vw\" class=\"wp-image-428\" title=\"Friedrich_Perfil\" \/><\/div><div class=\"et_pb_team_member_description\"><h4 class=\"et_pb_module_header\">Friedrich<\/h4><div class=\"et_pb_team_member_description_content\"><p>Si hola, soy el largo Friedrich y desde hace a\u00f1os disfruto bailando y cantando en el Viento. Salsa y coro, maravilloso cuidado del alma.<br \/>Me gustar\u00eda contribuir a que siga existiendo.<\/p>\n<\/div><\/div><\/div>\n<\/div>\n<\/div>\n\n<div class=\"et_pb_row_4 et_pb_row et_block_row\">\n<div class=\"et_pb_column_4 et_pb_column et_pb_column_4_4 et-last-child et_flex_column et_pb_css_mix_blend_mode_passthrough\">\n<div class=\"et_pb_team_member_4 et_pb_team_member et_pb_bg_layout_light et_pb_module et_grid_module\"><div class=\"et_pb_team_member_image et-waypoint et_pb_animation_off\"><img decoding=\"async\" src=\"https:\/\/kulturwerkstatt-lapalma.com\/wp-content\/uploads\/2025\/12\/PHOTO-2023-10-24-01-56-58.jpeg\" alt=\"Annette\" width=\"240\" height=\"240\" srcset=\"https:\/\/kulturwerkstatt-lapalma.com\/wp-content\/uploads\/2025\/12\/PHOTO-2023-10-24-01-56-58.jpeg 240w, https:\/\/kulturwerkstatt-lapalma.com\/wp-content\/uploads\/2025\/12\/PHOTO-2023-10-24-01-56-58-150x150.jpeg 150w\" sizes=\"(max-width: 240px) 100vw, 240px\" class=\"wp-image-237\" title=\"FOTO-2023-10-24-01-56-58\" \/><\/div><div class=\"et_pb_team_member_description\"><h4 class=\"et_pb_module_header\">Annette<\/h4><div class=\"et_pb_team_member_description_content\"><p>Mein Name ist Annette Oudshoorn. Ich bin eine kreative, visuelle Denkerin, ein Mensch mit Liebe zur Natur und den Menschen. So werde ich oft beschrieben. Ich bin auch Kunsttherapeutin, K\u00fcnstlerin, Reiki-Meisterin. Ich lebe mit meinem Partner Hijmen auf dieser Insel.<br \/>Das Leben ist f\u00fcr mich ein Zusammenspiel zwischen unseren physischen, energetischen, mentalen und spirituellen (seelischen) K\u00f6rpern... Spielerisch lernen von- und miteinander. Mein Lebensmotto passt somit gut ins Viento del Norte.<\/p>\n<\/div><\/div><\/div>\n<\/div>\n<\/div>\n\n<div class=\"et_pb_row_5 et_pb_row et_block_row\">\n<div class=\"et_pb_column_5 et_pb_column et_pb_column_4_4 et-last-child et_flex_column et_pb_css_mix_blend_mode_passthrough\">\n<div class=\"et_pb_team_member_5 et_pb_team_member et_pb_bg_layout_light et_pb_module et_grid_module\"><div class=\"et_pb_team_member_image et-waypoint et_pb_animation_off\"><img decoding=\"async\" src=\"https:\/\/kulturwerkstatt-lapalma.com\/wp-content\/uploads\/2026\/02\/Hermes.webp\" alt=\"Hermes\" width=\"576\" height=\"852\" srcset=\"https:\/\/kulturwerkstatt-lapalma.com\/wp-content\/uploads\/2026\/02\/Hermes.webp 576w, https:\/\/kulturwerkstatt-lapalma.com\/wp-content\/uploads\/2026\/02\/Hermes-480x710.webp 480w\" sizes=\"(min-width: 0px) and (max-width: 480px) 480px, (min-width: 481px) 576px, 100vw\" class=\"wp-image-1054\" title=\"Hermes\" \/><\/div><div class=\"et_pb_team_member_description\"><h4 class=\"et_pb_module_header\">Hermes<\/h4><p class=\"et_pb_member_position\">Creaputity<\/p><div class=\"et_pb_team_member_description_content\"><p>Acompa\u00f1ar\u00e9 a la compa\u00f1\u00eda digitalmente. De alguna manera, el ordenador es fascinante despu\u00e9s de todo.<\/p>\n<p><a href=\"https:\/\/creaputity.com\/\" target=\"_blank\" rel=\"noopener\">https:\/\/creaputity.com\/<\/a><\/p>\n<\/div><\/div><\/div>\n<\/div>\n<\/div>\n\n<div class=\"et_pb_row_6 et_pb_row et_block_row\">\n<div class=\"et_pb_column_6 et_pb_column et_pb_column_4_4 et-last-child et_flex_column et_pb_css_mix_blend_mode_passthrough\">\n<div class=\"et_pb_team_member_6 et_pb_team_member et_pb_bg_layout_light et_pb_module et_grid_module\"><div class=\"et_pb_team_member_image et-waypoint et_pb_animation_off\"><img decoding=\"async\" src=\"https:\/\/kulturwerkstatt-lapalma.com\/wp-content\/uploads\/2025\/12\/Profil_Joachim.webp\" alt=\"Joachim\" width=\"640\" height=\"640\" srcset=\"https:\/\/kulturwerkstatt-lapalma.com\/wp-content\/uploads\/2025\/12\/Profil_Joachim.webp 640w, https:\/\/kulturwerkstatt-lapalma.com\/wp-content\/uploads\/2025\/12\/Profil_Joachim-480x480.webp 480w\" sizes=\"(min-width: 0px) and (max-width: 480px) 480px, (min-width: 481px) 640px, 100vw\" class=\"wp-image-95\" title=\"Perfil_Joachim\" \/><\/div><div class=\"et_pb_team_member_description\"><h4 class=\"et_pb_module_header\">Joachim<\/h4><p class=\"et_pb_member_position\">Vitametr\u00eda<\/p><div class=\"et_pb_team_member_description_content\"><p>Nacido en Alemania en 1951, Joachim Heuser trabaj\u00f3 en la industria del software durante 35 a\u00f1os tras graduarse en el instituto y la universidad. Emigr\u00f3 a La Palma en 2006. Su inter\u00e9s se centra en la cercan\u00eda a la naturaleza, la sostenibilidad, la desaceleraci\u00f3n y el aprecio. Describe la lista de sus ideas m\u00e1s importantes como su sistema de valores y lo ha llamado Vitametrie\u00ae. Ha escrito el libro Vitametrie\u00ae y desarrollado el juego de mesa cooperativo Vitametrie\u00ae. \u00c9stos se han convertido en su modelo de vida para la felicidad.<\/p>\n<\/div><\/div><\/div>\n<\/div>\n<\/div>\n<\/div>\n\n<div class=\"et_pb_section_1 et_pb_section et_section_regular et_flex_section\"><\/div>","protected":false},"excerpt":{"rendered":"","protected":false},"author":2,"featured_media":0,"parent":0,"menu_order":0,"comment_status":"closed","ping_status":"closed","template":"","meta":{"pgc_sgb_lightbox_settings":"","footnotes":""},"class_list":["post-1052","page","type-page","status-publish","hentry"],"yoast_head":"<!-- This site is optimized with the Yoast SEO plugin v27.3 - https:\/\/yoast.com\/product\/yoast-seo-wordpress\/ -->\n<title>Das Team - Kulturwerkstatt La Palma<\/title>\n<meta name=\"robots\" content=\"index, follow, max-snippet:-1, max-image-preview:large, max-video-preview:-1\" \/>\n<link rel=\"canonical\" href=\"https:\/\/kulturwerkstatt-lapalma.com\/es\/el-equipo\/\" \/>\n<meta property=\"og:locale\" content=\"es_ES\" \/>\n<meta property=\"og:type\" content=\"article\" \/>\n<meta property=\"og:title\" content=\"Das Team - Kulturwerkstatt La Palma\" \/>\n<meta property=\"og:url\" content=\"https:\/\/kulturwerkstatt-lapalma.com\/es\/el-equipo\/\" \/>\n<meta property=\"og:site_name\" content=\"Kulturwerkstatt La Palma\" \/>\n<meta property=\"article:modified_time\" content=\"2026-02-17T22:28:43+00:00\" \/>\n<meta property=\"og:image\" content=\"https:\/\/kulturwerkstatt-lapalma.com\/wp-content\/uploads\/2025\/12\/Logo_Kulturwerkstatt-1.png\" \/>\n\t<meta property=\"og:image:width\" content=\"250\" \/>\n\t<meta property=\"og:image:height\" content=\"250\" \/>\n\t<meta property=\"og:image:type\" content=\"image\/png\" \/>\n<meta name=\"twitter:card\" content=\"summary_large_image\" \/>\n<script type=\"application\/ld+json\" class=\"yoast-schema-graph\">{\"@context\":\"https:\\\/\\\/schema.org\",\"@graph\":[{\"@type\":\"WebPage\",\"@id\":\"https:\\\/\\\/kulturwerkstatt-lapalma.com\\\/das-team\\\/\",\"url\":\"https:\\\/\\\/kulturwerkstatt-lapalma.com\\\/das-team\\\/\",\"name\":\"Das Team - Kulturwerkstatt La Palma\",\"isPartOf\":{\"@id\":\"https:\\\/\\\/kulturwerkstatt-lapalma.com\\\/#website\"},\"datePublished\":\"2026-02-17T22:14:39+00:00\",\"dateModified\":\"2026-02-17T22:28:43+00:00\",\"breadcrumb\":{\"@id\":\"https:\\\/\\\/kulturwerkstatt-lapalma.com\\\/das-team\\\/#breadcrumb\"},\"inLanguage\":\"es\",\"potentialAction\":[{\"@type\":\"ReadAction\",\"target\":[\"https:\\\/\\\/kulturwerkstatt-lapalma.com\\\/das-team\\\/\"]}]},{\"@type\":\"BreadcrumbList\",\"@id\":\"https:\\\/\\\/kulturwerkstatt-lapalma.com\\\/das-team\\\/#breadcrumb\",\"itemListElement\":[{\"@type\":\"ListItem\",\"position\":1,\"name\":\"Start\",\"item\":\"https:\\\/\\\/kulturwerkstatt-lapalma.com\\\/\"},{\"@type\":\"ListItem\",\"position\":2,\"name\":\"Das Team\"}]},{\"@type\":\"WebSite\",\"@id\":\"https:\\\/\\\/kulturwerkstatt-lapalma.com\\\/#website\",\"url\":\"https:\\\/\\\/kulturwerkstatt-lapalma.com\\\/\",\"name\":\"Kulturwerkstatt La Palma\",\"description\":\"Kultur,Workshops, Kunst, Vortr\u00e4ge, Veranstaltungen\",\"publisher\":{\"@id\":\"https:\\\/\\\/kulturwerkstatt-lapalma.com\\\/#organization\"},\"potentialAction\":[{\"@type\":\"SearchAction\",\"target\":{\"@type\":\"EntryPoint\",\"urlTemplate\":\"https:\\\/\\\/kulturwerkstatt-lapalma.com\\\/?s={search_term_string}\"},\"query-input\":{\"@type\":\"PropertyValueSpecification\",\"valueRequired\":true,\"valueName\":\"search_term_string\"}}],\"inLanguage\":\"es\"},{\"@type\":\"Organization\",\"@id\":\"https:\\\/\\\/kulturwerkstatt-lapalma.com\\\/#organization\",\"name\":\"Kulturwerkstatt La Palma\",\"url\":\"https:\\\/\\\/kulturwerkstatt-lapalma.com\\\/\",\"logo\":{\"@type\":\"ImageObject\",\"inLanguage\":\"es\",\"@id\":\"https:\\\/\\\/kulturwerkstatt-lapalma.com\\\/#\\\/schema\\\/logo\\\/image\\\/\",\"url\":\"https:\\\/\\\/kulturwerkstatt-lapalma.com\\\/wp-content\\\/uploads\\\/2025\\\/12\\\/Kulturwerkstatt_la_Palma-1024x683.png\",\"contentUrl\":\"https:\\\/\\\/kulturwerkstatt-lapalma.com\\\/wp-content\\\/uploads\\\/2025\\\/12\\\/Kulturwerkstatt_la_Palma-1024x683.png\",\"width\":1024,\"height\":683,\"caption\":\"Kulturwerkstatt La Palma\"},\"image\":{\"@id\":\"https:\\\/\\\/kulturwerkstatt-lapalma.com\\\/#\\\/schema\\\/logo\\\/image\\\/\"}}]}<\/script>\n<!-- \/ Yoast SEO plugin. -->","yoast_head_json":{"title":"El equipo - taller cultural La Palma","robots":{"index":"index","follow":"follow","max-snippet":"max-snippet:-1","max-image-preview":"max-image-preview:large","max-video-preview":"max-video-preview:-1"},"canonical":"https:\/\/kulturwerkstatt-lapalma.com\/es\/el-equipo\/","og_locale":"es_ES","og_type":"article","og_title":"Das Team - Kulturwerkstatt La Palma","og_url":"https:\/\/kulturwerkstatt-lapalma.com\/es\/el-equipo\/","og_site_name":"Kulturwerkstatt La Palma","article_modified_time":"2026-02-17T22:28:43+00:00","og_image":[{"width":250,"height":250,"url":"https:\/\/kulturwerkstatt-lapalma.com\/wp-content\/uploads\/2025\/12\/Logo_Kulturwerkstatt-1.png","type":"image\/png"}],"twitter_card":"summary_large_image","schema":{"@context":"https:\/\/schema.org","@graph":[{"@type":"WebPage","@id":"https:\/\/kulturwerkstatt-lapalma.com\/das-team\/","url":"https:\/\/kulturwerkstatt-lapalma.com\/das-team\/","name":"El equipo - taller cultural La Palma","isPartOf":{"@id":"https:\/\/kulturwerkstatt-lapalma.com\/#website"},"datePublished":"2026-02-17T22:14:39+00:00","dateModified":"2026-02-17T22:28:43+00:00","breadcrumb":{"@id":"https:\/\/kulturwerkstatt-lapalma.com\/das-team\/#breadcrumb"},"inLanguage":"es","potentialAction":[{"@type":"ReadAction","target":["https:\/\/kulturwerkstatt-lapalma.com\/das-team\/"]}]},{"@type":"BreadcrumbList","@id":"https:\/\/kulturwerkstatt-lapalma.com\/das-team\/#breadcrumb","itemListElement":[{"@type":"ListItem","position":1,"name":"Start","item":"https:\/\/kulturwerkstatt-lapalma.com\/"},{"@type":"ListItem","position":2,"name":"Das Team"}]},{"@type":"WebSite","@id":"https:\/\/kulturwerkstatt-lapalma.com\/#website","url":"https:\/\/kulturwerkstatt-lapalma.com\/","name":"Centro Cultural de La Palma","description":"Cultura, Talleres, Arte, Conferencias, Eventos","publisher":{"@id":"https:\/\/kulturwerkstatt-lapalma.com\/#organization"},"potentialAction":[{"@type":"SearchAction","target":{"@type":"EntryPoint","urlTemplate":"https:\/\/kulturwerkstatt-lapalma.com\/?s={search_term_string}"},"query-input":{"@type":"PropertyValueSpecification","valueRequired":true,"valueName":"search_term_string"}}],"inLanguage":"es"},{"@type":"Organization","@id":"https:\/\/kulturwerkstatt-lapalma.com\/#organization","name":"Centro Cultural de La Palma","url":"https:\/\/kulturwerkstatt-lapalma.com\/","logo":{"@type":"ImageObject","inLanguage":"es","@id":"https:\/\/kulturwerkstatt-lapalma.com\/#\/schema\/logo\/image\/","url":"https:\/\/kulturwerkstatt-lapalma.com\/wp-content\/uploads\/2025\/12\/Kulturwerkstatt_la_Palma-1024x683.png","contentUrl":"https:\/\/kulturwerkstatt-lapalma.com\/wp-content\/uploads\/2025\/12\/Kulturwerkstatt_la_Palma-1024x683.png","width":1024,"height":683,"caption":"Kulturwerkstatt La Palma"},"image":{"@id":"https:\/\/kulturwerkstatt-lapalma.com\/#\/schema\/logo\/image\/"}}]}},"_links":{"self":[{"href":"https:\/\/kulturwerkstatt-lapalma.com\/es\/wp-json\/wp\/v2\/pages\/1052","targetHints":{"allow":["GET"]}}],"collection":[{"href":"https:\/\/kulturwerkstatt-lapalma.com\/es\/wp-json\/wp\/v2\/pages"}],"about":[{"href":"https:\/\/kulturwerkstatt-lapalma.com\/es\/wp-json\/wp\/v2\/types\/page"}],"author":[{"embeddable":true,"href":"https:\/\/kulturwerkstatt-lapalma.com\/es\/wp-json\/wp\/v2\/users\/2"}],"replies":[{"embeddable":true,"href":"https:\/\/kulturwerkstatt-lapalma.com\/es\/wp-json\/wp\/v2\/comments?post=1052"}],"version-history":[{"count":3,"href":"https:\/\/kulturwerkstatt-lapalma.com\/es\/wp-json\/wp\/v2\/pages\/1052\/revisions"}],"predecessor-version":[{"id":1056,"href":"https:\/\/kulturwerkstatt-lapalma.com\/es\/wp-json\/wp\/v2\/pages\/1052\/revisions\/1056"}],"wp:attachment":[{"href":"https:\/\/kulturwerkstatt-lapalma.com\/es\/wp-json\/wp\/v2\/media?parent=1052"}],"curies":[{"name":"wp","href":"https:\/\/api.w.org\/{rel}","templated":true}]}}