{"id":422,"date":"2025-12-16T22:01:35","date_gmt":"2025-12-16T22:01:35","guid":{"rendered":"https:\/\/vient.souldesigner.org\/cookie-richtlinie\/"},"modified":"2025-12-16T22:01:35","modified_gmt":"2025-12-16T22:01:35","slug":"cookie-richtlinie","status":"publish","type":"page","link":"https:\/\/kulturwerkstatt-lapalma.com\/es\/cookie-richtlinie\/","title":{"rendered":"Pol\u00edtica de cookies"},"content":{"rendered":"<p>Con esta pol\u00edtica de cookies, nos gustar\u00eda explicar qu\u00e9 son las cookies y las tecnolog\u00edas similares a las cookies, c\u00f3mo nosotros y otros proveedores de servicios las utilizamos en este sitio web, qu\u00e9 informaci\u00f3n recopilan, durante cu\u00e1nto tiempo y con qu\u00e9 fines las utilizamos.<\/p><h2>\u00cdndice<\/h2><ul><li><a href=\"#controller-of-the-website\">Responsable del sitio web<\/a><\/li><li><a href=\"#diff-to-privacy-policy\">Informaci\u00f3n adicional a la pol\u00edtica de privacidad<\/a><\/li><li><a href=\"#cookie-technology\">\u00bfQu\u00e9 son las cookies y tecnolog\u00edas similares?<\/a><\/li><li><a href=\"#legal-basis\">\u00bfCu\u00e1l es la base legal para establecer\/leer cookies?<\/a><\/li><li><a href=\"#rights-of-visitor\">\u00bfQu\u00e9 derechos tiene el visitante del sitio web?<\/a><\/li><li><a href=\"#manage-cookies\">\u00bfC\u00f3mo gestionar las cookies en un navegador?<\/a><\/li><li><a href=\"#types-of-cookies\">\u00bfQu\u00e9 tipos de cookies existen?<\/a><\/li><li><a href=\"#cookies-origin\">\u00bfQui\u00e9n puede instalar cookies en este sitio web?<\/a><\/li><li><a href=\"#list-of-services\">\u00bfQu\u00e9 cookies se utilizan en este sitio web?<\/a><\/li><\/ul><h2 id=\"controller-of-the-website\">Responsable del sitio web<\/h2><ul><li><strong>Proveedor: <\/strong>Kulturwerkstatt La Palma, Alemania<\/li><li><strong>Correo electr\u00f3nico: <\/strong><a target=\"_blank\" href=\"mailto:Info@kulturwerkstatt-lapalma.com\">Info@kulturwerkstatt-lapalma.com<\/a><\/li><li><strong>Formulario de contacto: <\/strong><a target=\"_blank\" href=\"https:\/\/kulturwerkstatt-lapalma.com\/es\/kontakt\/\">kulturwerkstatt-lapalma.com\/es\/kontakt\/<\/a><\/li><\/ul><h2 id=\"diff-to-privacy-policy\">Informaci\u00f3n adicional a la pol\u00edtica de privacidad<\/h2><p>Esta pol\u00edtica de cookies es un suplemento a la pol\u00edtica de privacidad de este sitio web. La pol\u00edtica de cookies especifica c\u00f3mo utiliza un sitio web las cookies y qu\u00e9 datos recopila a trav\u00e9s de ellas, mientras que la pol\u00edtica de privacidad es una descripci\u00f3n m\u00e1s completa de todas las actividades de procesamiento de datos en la p\u00e1gina web y fuera de la misma.<\/p><h2 id=\"cookie-technology\">\u00bfQu\u00e9 son las cookies y tecnolog\u00edas similares?<\/h2><p>Las cookies son peque\u00f1os fragmentos de informaci\u00f3n similares a archivos de texto que pueden almacenarse y leerse en el dispositivo final. Sirven para diversas razones, incluyendo mantener las funcionalidades b\u00e1sicas del sitio web, la seguridad y la privacidad, proporcionar funciones opcionales del sitio web, recopilar datos estad\u00edsticos sobre los flujos de visitantes, y proporcionar sistemas de marketing. Algunos ejemplos pr\u00e1cticos de lo que se puede almacenar en las cookies son el almacenamiento del estado de inicio de sesi\u00f3n en las cuentas de usuario, el contenido de las cestas de la compra en las plataformas de comercio electr\u00f3nico, o una identificaci\u00f3n de usuario para el seguimiento del comportamiento en el sitio web.<br \/><br \/>La informaci\u00f3n puede almacenarse t\u00e9cnicamente de varias maneras. Los ejemplos m\u00e1s conocidos son las cookies HTTP y las tecnolog\u00edas similares a las cookies, como el almacenamiento local, el almacenamiento de sesi\u00f3n o IndexedDB. Cada tipo de almacenamiento tiene caracter\u00edsticas diferentes, que determinan la gesti\u00f3n t\u00e9cnica, la accesibilidad y los responsables autorizados para acceder a la informaci\u00f3n. Todos estos tipos de almacenamiento suelen resumirse bajo el t\u00e9rmino \"cookies\" y, por lo tanto, se denominan como tales en esta pol\u00edtica de cookies.<\/p><h2 id=\"legal-basis\">\u00bfCu\u00e1l es la base legal para establecer\/leer cookies?<\/h2><p>La configuraci\u00f3n y lectura de cookies en la Uni\u00f3n Europea (UE) y en el Espacio Econ\u00f3mico Europeo (EEE) solo est\u00e1 permitida, de conformidad con Art\u00edculo 22 (2) de la Ley de Servicios de la Sociedad de la Informaci\u00f3n y de Comercio Electr\u00f3nico (LSSI), si el usuario ha dado su consentimiento sobre la base de una informaci\u00f3n exhaustiva acerca de las razones del tratamiento. El operador del sitio web tambi\u00e9n puede instalar cookies si son estrictamente necesarias para proporcionarle a usted como usuario el servicio expresamente solicitado como, por ejemplo, el contenido b\u00e1sico de este sitio web u otras cookies estrictamente necesarias para el funcionamiento b\u00e1sico del sitio web para mostr\u00e1rselo sin su consentimiento.<\/p><h2 id=\"rights-of-visitor\">\u00bfQu\u00e9 derechos tiene el visitante del sitio web?<\/h2><p>Services and their cookies can be set and read on the legal basis of your consent or a legitimate interest. When you first visited this website, you were asked for your consent and you had the opportunity to object to the use of certain services. We explained which legal basis is used for which service in our consent dialog.<br \/><br \/>You have the right to view the history of your decisions, change your privacy settings, object to the use of services and revoke your consent at any time. Below you find possibilities to exercise your rights:<br \/><ul><li>Por favor, \u00a1proporcione un atributo `type` en su shortcode. Permitido: history,revoke,change!<\/li><li>Por favor, \u00a1proporcione un atributo `type` en su shortcode. Permitido: history,revoke,change!<\/li><li>Por favor, \u00a1proporcione un atributo `type` en su shortcode. Permitido: history,revoke,change!<\/li><\/ul><\/p><h2 id=\"manage-cookies\">\u00bfC\u00f3mo gestionar las cookies en un navegador?<\/h2><p><ul><li><strong>How to remove cookies in a browser:<\/strong> To remove cookies from your device, you can clear the browsing data in the settings of your browser. This action will remove all cookies from all websites you've visited, potentially including saved login details and site preferences. In some browsers, you can just delete the cookies and similar data without deleting the whole browsing history.<\/li><li><strong>How to control cookies in a browser:<\/strong> For more granular control over cookies specific to certain websites, navigate to the privacy and cookie settings within your used browser. Here, you can adjust preferences related to individual sites' cookie usage.<\/li><li><strong>How to block cookies in a browser:<\/strong> It's possible to configure most modern browsers in their settings to block all cookies from being placed on your device. But blocking cookies could lead to certain services and functionalities not functioning correctly, e.g. logins as a user. You can also use extensions for many browsers which can block the setting of cookies on websites.<\/li><li><strong>How to manage cookies on this website:<\/strong> To tailor your preferences regarding cookies on this website, you can change your preferences at any time by clicking on the link in the section \"Rights of the website visitor\".<\/li><\/li><\/ul><p>You can find more information on the handling of cookies <a href=\"https:\/\/devowl.io\/de\/rcb\/cookie-handhabung\/\" target=\"_blank\">devowl.io\/rcb\/cookie-handling\/<\/a>.<\/p><\/p><h2 id=\"types-of-cookies\">\u00bfQu\u00e9 tipos de cookies existen?<\/h2><p><ul><li><strong>Essential cookies<\/strong> are indispensable for the basic functionality of a website and enable functions such as saving login information or access to secure areas of the site. These include, for example, security cookies, which can identify a bot that is not wanted on the website by storing an authentication key in a cookie.<\/li><li><strong>Functional cookies<\/strong> improve the user experience by storing information and preferences such as language settings or appearance settings of the website to provide personalized. This includes, for example, preference cookies that store the user's preferred video quality on a website.<\/li><li><strong>Statistics cookies<\/strong> collect data about the use of a website to gain insights into user behavior and optimize the performance of the site. This includes, for example, a randomly assigned user ID that makes it possible to attribute whether you have visited a subpage of the website.<\/li><li><strong>Marketing cookies<\/strong> are used to track user behavior across different websites and to display personalized advertising based on the interests and surfing behavior of users. This includes, for example, advertising cookies that store an interaction with an advertisement on the website and pass it on to advertisers or a chat system for pre-sale questions and customer support.<\/li><\/li><\/ul><\/p><h2 id=\"cookies-origin\">\u00bfQui\u00e9n puede instalar cookies en este sitio web?<\/h2><p>En este sitio web, tanto el operador del mismo como los servicios de terceros que se utilizan en el, pueden establecer cookies y acceder a su contenido. Quien puede acceder a una cookie determinada y a su contenido depende de si se trata de cookies propias o de terceros. La p\u00e1gina web que se visita crea cookies propias y \u00e9stas solo pueden ser le\u00eddas por el operador del sitio web y los servicios de terceros integrados en este sitio web. Normalmente los servicios de terceros crean cookies de terceros en otros dominios y estas pueden ser le\u00eddas en todos los sitios en los que est\u00e9 integrado el servicio que controla el dominio. Un ejemplo de uso de estas \u00faltimas cookies es el de las redes publicitas al rastrear el comportamiento de los usuarios en diferentes sitios web y ofrecer publicidad personalizada.<\/p><h2 id=\"list-of-services\">\u00bfQu\u00e9 cookies se utilizan en este sitio web?<\/h2><script type=\"application\/json\">{\"search\":{\"placeholder\":\"Buscar...\"},\"sort\":{\"sortAsc\":\"Ordenar columna de menor a mayor\",\"sortDesc\":\"Ordenar columna de mayor a menor\"},\"pagination\":{\"previous\":\"Anterior\",\"next\":\"Siguiente\",\"navigate\":\"P\\u00e1gina %1$d de %2$d\",\"page\":\"P\\u00e1gina %d\",\"showing\":\"Mostrando\",\"of\":\"de\",\"to\":\"a\",\"results\":\"resultados\"},\"noRecordsFound\":\"No se han encontrado registros que coincidan\"}<\/script><table  class=\"devowl-wp-react-cookie-banner-cookie-policy\"><thead><tr><th width=\"200px\" scope=\"col\">Categor\u00eda<\/th><th width=\"400px\" scope=\"col\">Nombre de la cookie t\u00e9cnica<\/th><th width=\"400px\" scope=\"col\">Servidor de cookies t\u00e9cnicas<\/th><th width=\"400px\" scope=\"col\">Servicio<\/th><th width=\"250px\" scope=\"col\">Duraci\u00f3n<\/th><th width=\"200px\" scope=\"col\">Tipo<\/th><th width=\"550px\" scope=\"col\">Prop\u00f3sito<\/th><\/tr><\/thead><tbody><tr><td>Esencial<\/td><td>wp-settings-time-*<\/td><td>kulturwerkstatt-lapalma.com<\/td><td>WordPress Nutzer-Login<\/td><td>1 a\u00f1o<\/td><td>HTTP Cookie<\/td><td>Zeitstempel des Login-Vorgangs (im Unix-System)<\/td><\/tr><tr><td>Esencial<\/td><td>wordpress_test_cookie<\/td><td>kulturwerkstatt-lapalma.com<\/td><td>WordPress Nutzer-Login<\/td><td>Session<\/td><td>HTTP Cookie<\/td><td>Testet, ob Cookies gesetzt werden k\u00f6nnen oder nicht<\/td><\/tr><tr><td>Esencial<\/td><td>wp-settings-*<\/td><td>kulturwerkstatt-lapalma.com<\/td><td>WordPress Nutzer-Login<\/td><td>1 a\u00f1o<\/td><td>HTTP Cookie<\/td><td>Individuelle Benutzeroberfl\u00e4chen-Einstellungen z. B. der Ansicht der Admin-Oberfl\u00e4che, dem Farbschema oder der Aktivierung der Toolbar<\/td><\/tr><tr><td>Esencial<\/td><td>wordpress_sec_*<\/td><td>kulturwerkstatt-lapalma.com<\/td><td>WordPress Nutzer-Login<\/td><td>Session<\/td><td>HTTP Cookie<\/td><td>WordPress-Benutzername, ein Zeitstempel, wann das Cookie abl\u00e4uft, ein Authentifizierungstoken zum Schutz des Zugriffs auf den Admin-Bereich und ein Sicherheits-Hash<\/td><\/tr><tr><td>Esencial<\/td><td>wordpress_logged_in_*<\/td><td>kulturwerkstatt-lapalma.com<\/td><td>WordPress Nutzer-Login<\/td><td>Session<\/td><td>HTTP Cookie<\/td><td>WordPress-Benutzername, ein Zeitstempel, wann das Cookie abl\u00e4uft, ein Authentifizierungstoken zum Schutz des Zugriffs auf den Admin-Bereich und ein Sicherheits-Hash<\/td><\/tr><tr><td>Esencial<\/td><td>_lscache_vary<\/td><td>kulturwerkstatt-lapalma.com<\/td><td>LiteSpeed Cache<\/td><td>SESSION<\/td><td>Session Storage<\/td><td>Technischer Cookie zur Steuerung der Cache-Auslieferung.<\/td><\/tr><tr><td>Esencial<\/td><td>real_cookie_banner*<\/td><td>.souldesigner.org<\/td><td>Real Cookie Banner<\/td><td>365 d\u00edas<\/td><td>HTTP Cookie<\/td><td>Eindeutiger Identifikator f\u00fcr die Einwilligung, aber nicht f\u00fcr den Website-Besucher. Revisionshash f\u00fcr die Einstellungen des Cookie-Banners (Texte, Farben, Funktionen, Servicegruppen, Dienste, Content Blocker usw.). IDs f\u00fcr eingewilligte Services und Service-Gruppen.<\/td><\/tr><tr><td>Esencial<\/td><td>real_cookie_banner*-tcf<\/td><td>.souldesigner.org<\/td><td>Real Cookie Banner<\/td><td>365 d\u00edas<\/td><td>HTTP Cookie<\/td><td>Im Rahmen von TCF gesammelte Einwilligungen, die im TC-String-Format gespeichert werden, einschlie\u00dflich TCF-Vendoren, -Zwecke, -Sonderzwecke, -Funktionen und -Sonderfunktionen.<\/td><\/tr><tr><td>Esencial<\/td><td>real_cookie_banner*-gcm<\/td><td>.souldesigner.org<\/td><td>Real Cookie Banner<\/td><td>365 d\u00edas<\/td><td>HTTP Cookie<\/td><td>Die im Google Consent Mode gesammelten Einwilligungen in die verschiedenen Einwilligungstypen (Zwecke) werden f\u00fcr alle mit dem Google Consent Mode kompatiblen Services gespeichert.<\/td><\/tr><tr><td>Esencial<\/td><td>real_cookie_banner-test<\/td><td>.souldesigner.org<\/td><td>Real Cookie Banner<\/td><td>365 d\u00edas<\/td><td>HTTP Cookie<\/td><td>Cookie, der gesetzt wurde, um die Funktionalit\u00e4t von HTTP-Cookies zu testen. Wird sofort nach dem Test gel\u00f6scht.<\/td><\/tr><tr><td>Esencial<\/td><td>real_cookie_banner*<\/td><td>https:\/\/kulturwerkstatt-lapalma.com<\/td><td>Real Cookie Banner<\/td><td>-<\/td><td>Local Storage<\/td><td>Eindeutiger Identifikator f\u00fcr die Einwilligung, aber nicht f\u00fcr den Website-Besucher. Revisionshash f\u00fcr die Einstellungen des Cookie-Banners (Texte, Farben, Funktionen, Service-Gruppen, Services, Content Blocker usw.). IDs f\u00fcr eingewilligte Services und Service-Gruppen. Wird nur solange gespeichert, bis die Einwilligung auf dem Website-Server dokumentiert ist.<\/td><\/tr><tr><td>Esencial<\/td><td>real_cookie_banner*-tcf<\/td><td>https:\/\/kulturwerkstatt-lapalma.com<\/td><td>Real Cookie Banner<\/td><td>-<\/td><td>Local Storage<\/td><td>Im Rahmen von TCF gesammelte Einwilligungen werden im TC-String-Format gespeichert, einschlie\u00dflich TCF Vendoren, Zwecke, besondere Zwecke, Funktionen und besondere Funktionen. Wird nur solange gespeichert, bis die Einwilligung auf dem Website-Server dokumentiert ist.<\/td><\/tr><tr><td>Esencial<\/td><td>real_cookie_banner*-gcm<\/td><td>https:\/\/kulturwerkstatt-lapalma.com<\/td><td>Real Cookie Banner<\/td><td>-<\/td><td>Local Storage<\/td><td>Im Rahmen des Google Consent Mode erfasste Einwilligungen werden f\u00fcr alle mit dem Google Consent Mode kompatiblen Services in Einwilligungstypen (Zwecke) gespeichert. Wird nur solange gespeichert, bis die Einwilligung auf dem Website-Server dokumentiert ist.<\/td><\/tr><tr><td>Esencial<\/td><td>real_cookie_banner-consent-queue*<\/td><td>https:\/\/kulturwerkstatt-lapalma.com<\/td><td>Real Cookie Banner<\/td><td>-<\/td><td>Local Storage<\/td><td>Lokale Zwischenspeicherung (Caching) der Auswahl im Cookie-Banner, bis der Server die Einwilligung dokumentiert; Dokumentation periodisch oder bei Seitenwechseln versucht, wenn der Server nicht verf\u00fcgbar oder \u00fcberlastet ist.<\/td><\/tr><tr><td>Funcional<\/td><td>NID<\/td><td>kulturwerkstatt-lapalma.com<\/td><td>Google Maps<\/td><td>2 d\u00edas<\/td><td>HTTP Cookie<\/td><td>Technischer Cookie zur Steuerung der Cache-Auslieferung<\/td><\/tr><tr><td>Estad\u00edstica<\/td><td>_clck<\/td><td>kulturwerkstatt-lapalma.com<\/td><td>Microsoft Clarity<\/td><td>1 a\u00f1o<\/td><td>HTTP Cookie<\/td><td>Clarity-Benutzerkennung \/ Wiedererkennun<\/td><\/tr><tr><td>Estad\u00edstica<\/td><td>_clsk<\/td><td>kulturwerkstatt-lapalma.com<\/td><td>Microsoft Clarity<\/td><td>1 d\u00eda<\/td><td>HTTP Cookie<\/td><td>Verbindet Seitenaufrufe einer Sitzung<\/td><\/tr><\/tbody><\/table><p>La pol\u00edtica de cookies se actualiz\u00f3 por \u00faltima vez el 23. diciembre 2025.<\/p>","protected":false},"excerpt":{"rendered":"","protected":false},"author":2,"featured_media":0,"parent":0,"menu_order":0,"comment_status":"closed","ping_status":"closed","template":"","meta":{"pgc_sgb_lightbox_settings":"","footnotes":""},"class_list":["post-422","page","type-page","status-publish","hentry"],"yoast_head":"<!-- This site is optimized with the Yoast SEO plugin v27.3 - https:\/\/yoast.com\/product\/yoast-seo-wordpress\/ -->\n<title>Cookie-Richtlinie - Kulturwerkstatt La Palma<\/title>\n<meta name=\"robots\" content=\"index, follow, max-snippet:-1, max-image-preview:large, max-video-preview:-1\" \/>\n<link rel=\"canonical\" href=\"https:\/\/kulturwerkstatt-lapalma.com\/es\/cookie-richtlinie\/\" \/>\n<meta property=\"og:locale\" content=\"es_ES\" \/>\n<meta property=\"og:type\" content=\"article\" \/>\n<meta property=\"og:title\" content=\"Cookie-Richtlinie - Kulturwerkstatt La Palma\" \/>\n<meta property=\"og:url\" content=\"https:\/\/kulturwerkstatt-lapalma.com\/es\/cookie-richtlinie\/\" \/>\n<meta property=\"og:site_name\" content=\"Kulturwerkstatt La Palma\" \/>\n<meta property=\"og:image\" content=\"https:\/\/kulturwerkstatt-lapalma.com\/wp-content\/uploads\/2025\/12\/Logo_Kulturwerkstatt-1.png\" \/>\n\t<meta property=\"og:image:width\" content=\"250\" \/>\n\t<meta property=\"og:image:height\" content=\"250\" \/>\n\t<meta property=\"og:image:type\" content=\"image\/png\" \/>\n<meta name=\"twitter:card\" content=\"summary_large_image\" \/>\n<script type=\"application\/ld+json\" class=\"yoast-schema-graph\">{\"@context\":\"https:\\\/\\\/schema.org\",\"@graph\":[{\"@type\":\"WebPage\",\"@id\":\"https:\\\/\\\/kulturwerkstatt-lapalma.com\\\/cookie-richtlinie\\\/\",\"url\":\"https:\\\/\\\/kulturwerkstatt-lapalma.com\\\/cookie-richtlinie\\\/\",\"name\":\"Cookie-Richtlinie - Kulturwerkstatt La Palma\",\"isPartOf\":{\"@id\":\"https:\\\/\\\/kulturwerkstatt-lapalma.com\\\/#website\"},\"datePublished\":\"2025-12-16T22:01:35+00:00\",\"breadcrumb\":{\"@id\":\"https:\\\/\\\/kulturwerkstatt-lapalma.com\\\/cookie-richtlinie\\\/#breadcrumb\"},\"inLanguage\":\"es\",\"potentialAction\":[{\"@type\":\"ReadAction\",\"target\":[\"https:\\\/\\\/kulturwerkstatt-lapalma.com\\\/cookie-richtlinie\\\/\"]}]},{\"@type\":\"BreadcrumbList\",\"@id\":\"https:\\\/\\\/kulturwerkstatt-lapalma.com\\\/cookie-richtlinie\\\/#breadcrumb\",\"itemListElement\":[{\"@type\":\"ListItem\",\"position\":1,\"name\":\"Start\",\"item\":\"https:\\\/\\\/kulturwerkstatt-lapalma.com\\\/\"},{\"@type\":\"ListItem\",\"position\":2,\"name\":\"Cookie-Richtlinie\"}]},{\"@type\":\"WebSite\",\"@id\":\"https:\\\/\\\/kulturwerkstatt-lapalma.com\\\/#website\",\"url\":\"https:\\\/\\\/kulturwerkstatt-lapalma.com\\\/\",\"name\":\"Kulturwerkstatt La Palma\",\"description\":\"Kultur,Workshops, Kunst, Vortr\u00e4ge, Veranstaltungen\",\"publisher\":{\"@id\":\"https:\\\/\\\/kulturwerkstatt-lapalma.com\\\/#organization\"},\"potentialAction\":[{\"@type\":\"SearchAction\",\"target\":{\"@type\":\"EntryPoint\",\"urlTemplate\":\"https:\\\/\\\/kulturwerkstatt-lapalma.com\\\/?s={search_term_string}\"},\"query-input\":{\"@type\":\"PropertyValueSpecification\",\"valueRequired\":true,\"valueName\":\"search_term_string\"}}],\"inLanguage\":\"es\"},{\"@type\":\"Organization\",\"@id\":\"https:\\\/\\\/kulturwerkstatt-lapalma.com\\\/#organization\",\"name\":\"Kulturwerkstatt La Palma\",\"url\":\"https:\\\/\\\/kulturwerkstatt-lapalma.com\\\/\",\"logo\":{\"@type\":\"ImageObject\",\"inLanguage\":\"es\",\"@id\":\"https:\\\/\\\/kulturwerkstatt-lapalma.com\\\/#\\\/schema\\\/logo\\\/image\\\/\",\"url\":\"https:\\\/\\\/kulturwerkstatt-lapalma.com\\\/wp-content\\\/uploads\\\/2025\\\/12\\\/Kulturwerkstatt_la_Palma-1024x683.png\",\"contentUrl\":\"https:\\\/\\\/kulturwerkstatt-lapalma.com\\\/wp-content\\\/uploads\\\/2025\\\/12\\\/Kulturwerkstatt_la_Palma-1024x683.png\",\"width\":1024,\"height\":683,\"caption\":\"Kulturwerkstatt La Palma\"},\"image\":{\"@id\":\"https:\\\/\\\/kulturwerkstatt-lapalma.com\\\/#\\\/schema\\\/logo\\\/image\\\/\"}}]}<\/script>\n<!-- \/ Yoast SEO plugin. -->","yoast_head_json":{"title":"Cookie-Richtlinie - Kulturwerkstatt La Palma","robots":{"index":"index","follow":"follow","max-snippet":"max-snippet:-1","max-image-preview":"max-image-preview:large","max-video-preview":"max-video-preview:-1"},"canonical":"https:\/\/kulturwerkstatt-lapalma.com\/es\/cookie-richtlinie\/","og_locale":"es_ES","og_type":"article","og_title":"Cookie-Richtlinie - Kulturwerkstatt La Palma","og_url":"https:\/\/kulturwerkstatt-lapalma.com\/es\/cookie-richtlinie\/","og_site_name":"Kulturwerkstatt La Palma","og_image":[{"width":250,"height":250,"url":"https:\/\/kulturwerkstatt-lapalma.com\/wp-content\/uploads\/2025\/12\/Logo_Kulturwerkstatt-1.png","type":"image\/png"}],"twitter_card":"summary_large_image","schema":{"@context":"https:\/\/schema.org","@graph":[{"@type":"WebPage","@id":"https:\/\/kulturwerkstatt-lapalma.com\/cookie-richtlinie\/","url":"https:\/\/kulturwerkstatt-lapalma.com\/cookie-richtlinie\/","name":"Cookie-Richtlinie - Kulturwerkstatt La Palma","isPartOf":{"@id":"https:\/\/kulturwerkstatt-lapalma.com\/#website"},"datePublished":"2025-12-16T22:01:35+00:00","breadcrumb":{"@id":"https:\/\/kulturwerkstatt-lapalma.com\/cookie-richtlinie\/#breadcrumb"},"inLanguage":"es","potentialAction":[{"@type":"ReadAction","target":["https:\/\/kulturwerkstatt-lapalma.com\/cookie-richtlinie\/"]}]},{"@type":"BreadcrumbList","@id":"https:\/\/kulturwerkstatt-lapalma.com\/cookie-richtlinie\/#breadcrumb","itemListElement":[{"@type":"ListItem","position":1,"name":"Start","item":"https:\/\/kulturwerkstatt-lapalma.com\/"},{"@type":"ListItem","position":2,"name":"Cookie-Richtlinie"}]},{"@type":"WebSite","@id":"https:\/\/kulturwerkstatt-lapalma.com\/#website","url":"https:\/\/kulturwerkstatt-lapalma.com\/","name":"Kulturwerkstatt La Palma","description":"Kultur,Workshops, Kunst, Vortr\u00e4ge, Veranstaltungen","publisher":{"@id":"https:\/\/kulturwerkstatt-lapalma.com\/#organization"},"potentialAction":[{"@type":"SearchAction","target":{"@type":"EntryPoint","urlTemplate":"https:\/\/kulturwerkstatt-lapalma.com\/?s={search_term_string}"},"query-input":{"@type":"PropertyValueSpecification","valueRequired":true,"valueName":"search_term_string"}}],"inLanguage":"es"},{"@type":"Organization","@id":"https:\/\/kulturwerkstatt-lapalma.com\/#organization","name":"Kulturwerkstatt La Palma","url":"https:\/\/kulturwerkstatt-lapalma.com\/","logo":{"@type":"ImageObject","inLanguage":"es","@id":"https:\/\/kulturwerkstatt-lapalma.com\/#\/schema\/logo\/image\/","url":"https:\/\/kulturwerkstatt-lapalma.com\/wp-content\/uploads\/2025\/12\/Kulturwerkstatt_la_Palma-1024x683.png","contentUrl":"https:\/\/kulturwerkstatt-lapalma.com\/wp-content\/uploads\/2025\/12\/Kulturwerkstatt_la_Palma-1024x683.png","width":1024,"height":683,"caption":"Kulturwerkstatt La Palma"},"image":{"@id":"https:\/\/kulturwerkstatt-lapalma.com\/#\/schema\/logo\/image\/"}}]}},"_links":{"self":[{"href":"https:\/\/kulturwerkstatt-lapalma.com\/es\/wp-json\/wp\/v2\/pages\/422","targetHints":{"allow":["GET"]}}],"collection":[{"href":"https:\/\/kulturwerkstatt-lapalma.com\/es\/wp-json\/wp\/v2\/pages"}],"about":[{"href":"https:\/\/kulturwerkstatt-lapalma.com\/es\/wp-json\/wp\/v2\/types\/page"}],"author":[{"embeddable":true,"href":"https:\/\/kulturwerkstatt-lapalma.com\/es\/wp-json\/wp\/v2\/users\/2"}],"replies":[{"embeddable":true,"href":"https:\/\/kulturwerkstatt-lapalma.com\/es\/wp-json\/wp\/v2\/comments?post=422"}],"version-history":[{"count":0,"href":"https:\/\/kulturwerkstatt-lapalma.com\/es\/wp-json\/wp\/v2\/pages\/422\/revisions"}],"wp:attachment":[{"href":"https:\/\/kulturwerkstatt-lapalma.com\/es\/wp-json\/wp\/v2\/media?parent=422"}],"curies":[{"name":"wp","href":"https:\/\/api.w.org\/{rel}","templated":true}]}}