{"id":442,"date":"2025-12-17T01:12:22","date_gmt":"2025-12-17T01:12:22","guid":{"rendered":"https:\/\/vient.souldesigner.org\/?page_id=442"},"modified":"2025-12-29T10:33:46","modified_gmt":"2025-12-29T10:33:46","slug":"impressum","status":"publish","type":"page","link":"https:\/\/kulturwerkstatt-lapalma.com\/es\/impressum\/","title":{"rendered":"Aviso legal"},"content":{"rendered":"<div class=\"et_pb_section_0 et_pb_section et_section_regular et_block_section\">\n<div class=\"et_pb_row_0 et_pb_row et_block_row\">\n<div class=\"et_pb_column_0 et_pb_column et_pb_column_4_4 et-last-child et_block_column et_pb_css_mix_blend_mode_passthrough\">\n<div class=\"et_pb_text_0 et_pb_text et_pb_bg_layout_light et_pb_module et_flex_module\"><div class=\"et_pb_text_inner\"><div class=\"viento-impressum\">\n<h2>Aviso legal<\/h2>\n<h3>Angaben gem\u00e4\u00df den geltenden Vorschriften<\/h3>\n<p><strong>Kulturwerkstatt \u201eViento del Norte\u201c<\/strong><br \/>Asociaci\u00f3n<\/p>\n<h3>Direcci\u00f3n<\/h3>\n<p>Camino El Pinar 43 C (neben \u201eCoffee &amp; Cake\u201c)<br \/>38789 Puntagorda<br \/>Santa Cruz de Tenerife, Espa\u00f1a<\/p>\n<h3>contacto<\/h3>\n<p>Correo electr\u00f3nico <a href=\"mailto:info@kulturwerkstatt-lapalma.com\">info@kulturwerkstatt-lapalma.com<\/a><br \/>Sitio web <a href=\"https:\/\/kulturwerkstatt-lapalma.com\/es\/\">Kulturwerkstatt-lapalma.com<\/a><\/p>\n<h3>Responsable \/ Direcci\u00f3n<\/h3>\n<p>Maria Brenda Lara Ruiz<br \/>Edith Moor<br \/>Annette Oudshoorn<br \/>Joachim Heuser<br \/>Iris de Invierno<br \/>Friedrich Wallentin<br \/>Hermes Sch\u00fcler<\/p>\n<h3>Haftung f\u00fcr Inhalte<\/h3>\n<p>Wir bem\u00fchen uns um korrekte und aktuelle Informationen. Eine Gew\u00e4hr f\u00fcr Richtigkeit, Vollst\u00e4ndigkeit und Aktualit\u00e4t der Inhalte<br \/>k\u00f6nnen wir jedoch nicht \u00fcbernehmen.<\/p>\n<h3>Haftung f\u00fcr Links<\/h3>\n<p>Diese Website enth\u00e4lt Links zu externen Websites Dritter. Auf deren Inhalte haben wir keinen Einfluss; f\u00fcr die Inhalte der verlinkten<br \/>Las p\u00e1ginas son siempre el proveedor o operador respectivo responsable. En el momento del enlace, las p\u00e1ginas externas fueron<br \/>m\u00f6gliche Rechtsverst\u00f6\u00dfe gepr\u00fcft. Eine dauerhafte inhaltliche Kontrolle ist ohne konkrete Anhaltspunkte einer Rechtsverletzung nicht<br \/>razonable. En caso de que nos enteremos de alguna infracci\u00f3n legal, eliminaremos dichos enlaces de inmediato.<\/p>\n<h3>Derechos de autor<\/h3>\n<p>Die auf dieser Website ver\u00f6ffentlichten Inhalte und Werke unterliegen dem Urheberrecht. Jede Art der Verwertung au\u00dferhalb der Grenzen<br \/>El derecho de autor requiere el permiso previo de los respectivos titulares de los derechos.<\/p>\n<\/div>\n<\/div><\/div>\n<\/div>\n<\/div>\n<\/div>","protected":false},"excerpt":{"rendered":"","protected":false},"author":2,"featured_media":0,"parent":0,"menu_order":0,"comment_status":"closed","ping_status":"closed","template":"","meta":{"pgc_sgb_lightbox_settings":"","footnotes":""},"class_list":["post-442","page","type-page","status-publish","hentry"],"yoast_head":"<!-- This site is optimized with the Yoast SEO plugin v27.3 - https:\/\/yoast.com\/product\/yoast-seo-wordpress\/ -->\n<title>Impressum - Kulturwerkstatt La Palma<\/title>\n<meta name=\"robots\" content=\"index, follow, max-snippet:-1, max-image-preview:large, max-video-preview:-1\" \/>\n<link rel=\"canonical\" href=\"https:\/\/kulturwerkstatt-lapalma.com\/es\/impressum\/\" \/>\n<meta property=\"og:locale\" content=\"es_ES\" \/>\n<meta property=\"og:type\" content=\"article\" \/>\n<meta property=\"og:title\" content=\"Impressum - Kulturwerkstatt La Palma\" \/>\n<meta property=\"og:url\" content=\"https:\/\/kulturwerkstatt-lapalma.com\/es\/impressum\/\" \/>\n<meta property=\"og:site_name\" content=\"Kulturwerkstatt La Palma\" \/>\n<meta property=\"article:modified_time\" content=\"2025-12-29T10:33:46+00:00\" \/>\n<meta property=\"og:image\" content=\"https:\/\/kulturwerkstatt-lapalma.com\/wp-content\/uploads\/2025\/12\/Logo_Kulturwerkstatt-1.png\" \/>\n\t<meta property=\"og:image:width\" content=\"250\" \/>\n\t<meta property=\"og:image:height\" content=\"250\" \/>\n\t<meta property=\"og:image:type\" content=\"image\/png\" \/>\n<meta name=\"twitter:card\" content=\"summary_large_image\" \/>\n<script type=\"application\/ld+json\" class=\"yoast-schema-graph\">{\"@context\":\"https:\\\/\\\/schema.org\",\"@graph\":[{\"@type\":\"WebPage\",\"@id\":\"https:\\\/\\\/kulturwerkstatt-lapalma.com\\\/impressum\\\/\",\"url\":\"https:\\\/\\\/kulturwerkstatt-lapalma.com\\\/impressum\\\/\",\"name\":\"Impressum - Kulturwerkstatt La Palma\",\"isPartOf\":{\"@id\":\"https:\\\/\\\/kulturwerkstatt-lapalma.com\\\/#website\"},\"datePublished\":\"2025-12-17T01:12:22+00:00\",\"dateModified\":\"2025-12-29T10:33:46+00:00\",\"breadcrumb\":{\"@id\":\"https:\\\/\\\/kulturwerkstatt-lapalma.com\\\/impressum\\\/#breadcrumb\"},\"inLanguage\":\"es\",\"potentialAction\":[{\"@type\":\"ReadAction\",\"target\":[\"https:\\\/\\\/kulturwerkstatt-lapalma.com\\\/impressum\\\/\"]}]},{\"@type\":\"BreadcrumbList\",\"@id\":\"https:\\\/\\\/kulturwerkstatt-lapalma.com\\\/impressum\\\/#breadcrumb\",\"itemListElement\":[{\"@type\":\"ListItem\",\"position\":1,\"name\":\"Start\",\"item\":\"https:\\\/\\\/kulturwerkstatt-lapalma.com\\\/\"},{\"@type\":\"ListItem\",\"position\":2,\"name\":\"Impressum\"}]},{\"@type\":\"WebSite\",\"@id\":\"https:\\\/\\\/kulturwerkstatt-lapalma.com\\\/#website\",\"url\":\"https:\\\/\\\/kulturwerkstatt-lapalma.com\\\/\",\"name\":\"Kulturwerkstatt La Palma\",\"description\":\"Kultur,Workshops, Kunst, Vortr\u00e4ge, Veranstaltungen\",\"publisher\":{\"@id\":\"https:\\\/\\\/kulturwerkstatt-lapalma.com\\\/#organization\"},\"potentialAction\":[{\"@type\":\"SearchAction\",\"target\":{\"@type\":\"EntryPoint\",\"urlTemplate\":\"https:\\\/\\\/kulturwerkstatt-lapalma.com\\\/?s={search_term_string}\"},\"query-input\":{\"@type\":\"PropertyValueSpecification\",\"valueRequired\":true,\"valueName\":\"search_term_string\"}}],\"inLanguage\":\"es\"},{\"@type\":\"Organization\",\"@id\":\"https:\\\/\\\/kulturwerkstatt-lapalma.com\\\/#organization\",\"name\":\"Kulturwerkstatt La Palma\",\"url\":\"https:\\\/\\\/kulturwerkstatt-lapalma.com\\\/\",\"logo\":{\"@type\":\"ImageObject\",\"inLanguage\":\"es\",\"@id\":\"https:\\\/\\\/kulturwerkstatt-lapalma.com\\\/#\\\/schema\\\/logo\\\/image\\\/\",\"url\":\"https:\\\/\\\/kulturwerkstatt-lapalma.com\\\/wp-content\\\/uploads\\\/2025\\\/12\\\/Kulturwerkstatt_la_Palma-1024x683.png\",\"contentUrl\":\"https:\\\/\\\/kulturwerkstatt-lapalma.com\\\/wp-content\\\/uploads\\\/2025\\\/12\\\/Kulturwerkstatt_la_Palma-1024x683.png\",\"width\":1024,\"height\":683,\"caption\":\"Kulturwerkstatt La Palma\"},\"image\":{\"@id\":\"https:\\\/\\\/kulturwerkstatt-lapalma.com\\\/#\\\/schema\\\/logo\\\/image\\\/\"}}]}<\/script>\n<!-- \/ Yoast SEO plugin. -->","yoast_head_json":{"title":"Impressum - Kulturwerkstatt La Palma","robots":{"index":"index","follow":"follow","max-snippet":"max-snippet:-1","max-image-preview":"max-image-preview:large","max-video-preview":"max-video-preview:-1"},"canonical":"https:\/\/kulturwerkstatt-lapalma.com\/es\/impressum\/","og_locale":"es_ES","og_type":"article","og_title":"Impressum - Kulturwerkstatt La Palma","og_url":"https:\/\/kulturwerkstatt-lapalma.com\/es\/impressum\/","og_site_name":"Kulturwerkstatt La Palma","article_modified_time":"2025-12-29T10:33:46+00:00","og_image":[{"width":250,"height":250,"url":"https:\/\/kulturwerkstatt-lapalma.com\/wp-content\/uploads\/2025\/12\/Logo_Kulturwerkstatt-1.png","type":"image\/png"}],"twitter_card":"summary_large_image","schema":{"@context":"https:\/\/schema.org","@graph":[{"@type":"WebPage","@id":"https:\/\/kulturwerkstatt-lapalma.com\/impressum\/","url":"https:\/\/kulturwerkstatt-lapalma.com\/impressum\/","name":"Impressum - Kulturwerkstatt La Palma","isPartOf":{"@id":"https:\/\/kulturwerkstatt-lapalma.com\/#website"},"datePublished":"2025-12-17T01:12:22+00:00","dateModified":"2025-12-29T10:33:46+00:00","breadcrumb":{"@id":"https:\/\/kulturwerkstatt-lapalma.com\/impressum\/#breadcrumb"},"inLanguage":"es","potentialAction":[{"@type":"ReadAction","target":["https:\/\/kulturwerkstatt-lapalma.com\/impressum\/"]}]},{"@type":"BreadcrumbList","@id":"https:\/\/kulturwerkstatt-lapalma.com\/impressum\/#breadcrumb","itemListElement":[{"@type":"ListItem","position":1,"name":"Start","item":"https:\/\/kulturwerkstatt-lapalma.com\/"},{"@type":"ListItem","position":2,"name":"Impressum"}]},{"@type":"WebSite","@id":"https:\/\/kulturwerkstatt-lapalma.com\/#website","url":"https:\/\/kulturwerkstatt-lapalma.com\/","name":"Kulturwerkstatt La Palma","description":"Kultur,Workshops, Kunst, Vortr\u00e4ge, Veranstaltungen","publisher":{"@id":"https:\/\/kulturwerkstatt-lapalma.com\/#organization"},"potentialAction":[{"@type":"SearchAction","target":{"@type":"EntryPoint","urlTemplate":"https:\/\/kulturwerkstatt-lapalma.com\/?s={search_term_string}"},"query-input":{"@type":"PropertyValueSpecification","valueRequired":true,"valueName":"search_term_string"}}],"inLanguage":"es"},{"@type":"Organization","@id":"https:\/\/kulturwerkstatt-lapalma.com\/#organization","name":"Kulturwerkstatt La Palma","url":"https:\/\/kulturwerkstatt-lapalma.com\/","logo":{"@type":"ImageObject","inLanguage":"es","@id":"https:\/\/kulturwerkstatt-lapalma.com\/#\/schema\/logo\/image\/","url":"https:\/\/kulturwerkstatt-lapalma.com\/wp-content\/uploads\/2025\/12\/Kulturwerkstatt_la_Palma-1024x683.png","contentUrl":"https:\/\/kulturwerkstatt-lapalma.com\/wp-content\/uploads\/2025\/12\/Kulturwerkstatt_la_Palma-1024x683.png","width":1024,"height":683,"caption":"Kulturwerkstatt La Palma"},"image":{"@id":"https:\/\/kulturwerkstatt-lapalma.com\/#\/schema\/logo\/image\/"}}]}},"_links":{"self":[{"href":"https:\/\/kulturwerkstatt-lapalma.com\/es\/wp-json\/wp\/v2\/pages\/442","targetHints":{"allow":["GET"]}}],"collection":[{"href":"https:\/\/kulturwerkstatt-lapalma.com\/es\/wp-json\/wp\/v2\/pages"}],"about":[{"href":"https:\/\/kulturwerkstatt-lapalma.com\/es\/wp-json\/wp\/v2\/types\/page"}],"author":[{"embeddable":true,"href":"https:\/\/kulturwerkstatt-lapalma.com\/es\/wp-json\/wp\/v2\/users\/2"}],"replies":[{"embeddable":true,"href":"https:\/\/kulturwerkstatt-lapalma.com\/es\/wp-json\/wp\/v2\/comments?post=442"}],"version-history":[{"count":7,"href":"https:\/\/kulturwerkstatt-lapalma.com\/es\/wp-json\/wp\/v2\/pages\/442\/revisions"}],"predecessor-version":[{"id":725,"href":"https:\/\/kulturwerkstatt-lapalma.com\/es\/wp-json\/wp\/v2\/pages\/442\/revisions\/725"}],"wp:attachment":[{"href":"https:\/\/kulturwerkstatt-lapalma.com\/es\/wp-json\/wp\/v2\/media?parent=442"}],"curies":[{"name":"wp","href":"https:\/\/api.w.org\/{rel}","templated":true}]}}