{"id":452,"date":"2025-12-17T01:11:33","date_gmt":"2025-12-17T01:11:33","guid":{"rendered":"https:\/\/vient.souldesigner.org\/?page_id=452"},"modified":"2025-12-22T12:54:21","modified_gmt":"2025-12-22T12:54:21","slug":"declaracion-de-privacidad","status":"publish","type":"page","link":"https:\/\/kulturwerkstatt-lapalma.com\/es\/datenschutzerklaerung\/","title":{"rendered":"Pol\u00edtica de privacidad"},"content":{"rendered":"<div class=\"et_pb_section_0 et_pb_section et_section_regular et_block_section\">\n<div class=\"et_pb_row_0 et_pb_row et_block_row\">\n<div class=\"et_pb_column_0 et_pb_column et_pb_column_4_4 et-last-child et_block_column et_pb_css_mix_blend_mode_passthrough\">\n<div class=\"et_pb_text_0 et_pb_text et_pb_bg_layout_light et_pb_module et_flex_module\"><div class=\"et_pb_text_inner\"><div class=\"viento-datenschutz\">\n<h2>Pol\u00edtica de privacidad<\/h2>\n<p><strong>Posici\u00f3n<\/strong> 22.12.2025<\/p>\n<h3>1. Entidad responsable<\/h3>\n<p><strong>Kulturwerkstatt \u201eViento del Norte\u201c<\/strong> Asociaci\u00f3n<br \/>Camino El Pinar 43 C (neben \u201eCoffee &amp; Cake\u201c)<br \/>38789 Puntagorda, Santa Cruz de Tenerife, Espa\u00f1a<br \/><strong>Correo electr\u00f3nico<\/strong><br \/><a href=\"mailto:info@kulturwerstatt-lapalma.com\">info@kulturwerkstatt-lapalma.com<\/a><\/p>\n<h3>2. Indicaciones generales<\/h3>\n<p>Wir verarbeiten personenbezogene Daten nur, soweit dies erforderlich ist (z. B. f\u00fcr die Bereitstellung der Website,<br \/>zur Bearbeitung von Anfragen) oder wenn du eingewilligt hast (z. B. f\u00fcr externe Dienste wie Google Maps oder ggf. \u00dcbersetzungsdienste).<\/p>\n<h3>3. Alojamiento y archivos de registro del servidor<\/h3>\n<p>Al visitar nuestro sitio web, el servidor procesa datos t\u00e9cnicamente necesarios (por ejemplo, direcci\u00f3n IP, fecha\/hora, p\u00e1gina visitada,<br \/>Browser\/Betriebssystem, Referrer-URL), um die Website auszuliefern sowie Sicherheit und Stabilit\u00e4t zu gew\u00e4hrleisten.<\/p>\n<p><strong>Prop\u00f3sito:<\/strong> Operaci\u00f3n, Seguridad, An\u00e1lisis de fallos<br \/><strong>Base legal:<\/strong> inter\u00e9s leg\u00edtimo (art. 6, p\u00e1rr. 1, letra f) RGPD)<br \/><strong>Duraci\u00f3n de almacenamiento:<\/strong> por lo general hasta 30 d\u00edas<br \/><strong>Proveedores de alojamiento<\/strong> Hostinger<\/p>\n<h3>4. Cookies y Consentimientos (Real Cookie Banner)<\/h3>\n<p>Wir nutzen ein Consent-Tool (\u201eReal Cookie Banner\u201c), um Cookies und externe Dienste datenschutzkonform zu steuern und Einwilligungen zu dokumentieren.<\/p>\n<p><strong>Prop\u00f3sito:<\/strong> Gesti\u00f3n\/Registro de consentimientos, control de servicios<br \/><strong>Base legal:<\/strong> obligaci\u00f3n legal y\/o inter\u00e9s leg\u00edtimo (art\u00edculo 6, apartado 1, letras c y f del RGPD)<\/p>\n<p>Du kannst deine Auswahl jederzeit \u00fcber die Cookie-Einstellungen (Cookie-Banner bzw. Link im Footer) \u00e4ndern.<\/p>\n<h3>5. Contacto (Formulario de contacto y correo electr\u00f3nico de Divi)<\/h3>\n<p>Wenn du uns \u00fcber das Divi Kontaktformular oder per E-Mail kontaktierst, verarbeiten wir die von dir \u00fcbermittelten Daten<br \/>(t\u00edpico: Nombre, direcci\u00f3n de correo electr\u00f3nico, mensaje; informaci\u00f3n adicional opcional) para responder a tu solicitud.<\/p>\n<p><strong>Prop\u00f3sito:<\/strong> Tramitaci\u00f3n de tu solicitud, comunicaci\u00f3n<br \/><strong>Base legal:<\/strong> Contrato\/Inicio de negociaciones (art. 6 p\u00e1rr. 1 letra b RGPD) y\/o inter\u00e9s leg\u00edtimo (art. 6 p\u00e1rr. 1 letra f RGPD)<br \/><strong>Duraci\u00f3n de almacenamiento:<\/strong> \u00fcblicherweise 6\u201312 Monate, sofern keine l\u00e4ngeren Pflichten bestehen<\/p>\n<h3>6. Eventos (Administrador de eventos)<\/h3>\n<p>Wir nutzen \u201eEvents Manager\u201c zur Darstellung von Veranstaltungen und \u2013 falls aktiviert \u2013 zur Verwaltung von Anmeldungen.<br \/>Procesamos los datos que ingresas al registrarte (por ejemplo, nombre, direcci\u00f3n de correo electr\u00f3nico, y, en su caso, datos de los participantes).<\/p>\n<p><strong>Prop\u00f3sito:<\/strong> Organizaci\u00f3n de eventos, gesti\u00f3n de participantes, comunicaci\u00f3n<br \/><strong>Base legal:<\/strong> Contrato\/Inicio de negociaciones (art. 6 p\u00e1rr. 1 letra b RGPD) y\/o inter\u00e9s leg\u00edtimo (art. 6 p\u00e1rr. 1 letra f RGPD)<br \/><strong>Duraci\u00f3n de almacenamiento:<\/strong> hasta la finalizaci\u00f3n del evento y luego solo por el tiempo que sea necesario<\/p>\n<h3>7. Bolet\u00edn (MailPoet)<\/h3>\n<p>Si te suscribes a nuestro bolet\u00edn informativo, procesaremos tus datos de registro (direcci\u00f3n de correo electr\u00f3nico, nombre, si procede).<br \/>Die Anmeldung erfolgt \u00fcblicherweise per Double-Opt-In (Best\u00e4tigungs-E-Mail).<\/p>\n<p><strong>Prop\u00f3sito:<\/strong> Versand von Informationen zu Aktivit\u00e4ten und Neuigkeiten<br \/><strong>Base legal:<\/strong> Consentimiento (art\u00edculo 6, apartado 1, letra a del RGPD)<br \/><strong>Revocaci\u00f3n:<\/strong> Abmeldung jederzeit \u00fcber den Abmeldelink in jeder Newsletter-E-Mail m\u00f6glich<\/p>\n<h3>8. Google Maps (Divi Map Modul \/ si procede en detalles del evento)<\/h3>\n<p>Integramos Google Maps para mostrar contenido de mapas (por ejemplo, en p\u00e1ginas de contacto\/direcciones y, si es necesario, tambi\u00e9n en detalles\/lugares de eventos).<br \/>Beim Laden der Karte k\u00f6nnen personenbezogene Daten (z. B. IP-Adresse, Ger\u00e4te-\/Browserinformationen) an Google \u00fcbertragen werden.<\/p>\n<p><strong>Prop\u00f3sito:<\/strong> Visualizaci\u00f3n de mapa, orientaci\u00f3n, planificaci\u00f3n de rutas<br \/><strong>Base legal:<\/strong> Consentimiento (art\u00edculo 6, apartado 1, letra a del RGPD)<br \/><strong>Nota:<\/strong> Google Maps wird \u2013 soweit \u00fcber unser Consent-Tool konfiguriert \u2013 erst nach Zustimmung geladen.<br \/><strong>Proveedor<\/strong> Google Ireland Limited, Gordon House, Barrow Street, Dubl\u00edn 4, Irlanda<br \/><strong>Transferencia a un tercer pa\u00eds:<\/strong> Eine \u00dcbermittlung in Drittl\u00e4nder (z. B. USA) kann nicht ausgeschlossen werden.<\/p>\n<h3>9. \u00dcbersetzungsdienst (Weglot) \u2013 sobald aktiviert<\/h3>\n<p>Sobald wir den \u00dcbersetzungsdienst Weglot einsetzen, kann es f\u00fcr die Bereitstellung der \u00dcbersetzungen erforderlich sein,<br \/>dass Inhalte der besuchten Seite an Weglot \u00fcbermittelt und von Weglot verarbeitet werden.<br \/>Weglot wird erst nach entsprechender Konfiguration \u00fcber unser Consent-Tool geladen.<\/p>\n<p><strong>Prop\u00f3sito:<\/strong> Presentaci\u00f3n multiling\u00fce del sitio web<br \/><strong>Base legal:<\/strong> Consentimiento (art\u00edculo 6, apartado 1, letra a del RGPD)<br \/><strong>Proveedor<\/strong> WEGLOT (SAS), 7 cit\u00e9 Paradis, 75010 Paris, Frankreich<br \/><strong>Datenschutzerkl\u00e4rung:<\/strong> <a href=\"https:\/\/www.weglot.com\/privacy\" target=\"_blank\" rel=\"noopener\">https:\/\/www.weglot.com\/privacy<\/a><\/p>\n<h3>10. Plugins t\u00e9cnicos (incl. LiteSpeed Cache, Hostinger Tools, Loco Translate)<\/h3>\n<p>Wir setzen technische Plugins ein, um Betrieb, Performance und Verwaltung der Website zu unterst\u00fctzen.<br \/>En la medida en que se procesen datos personales, esto se hace generalmente para la provisi\u00f3n y seguridad del sitio web.<\/p>\n<p><strong>Prop\u00f3sito:<\/strong> Stabilit\u00e4t, Sicherheit, Performance<br \/><strong>Base legal:<\/strong> inter\u00e9s leg\u00edtimo (art. 6, p\u00e1rr. 1, letra f) RGPD)<\/p>\n<h3>11. Tus derechos<\/h3>\n<p>Du hast nach DSGVO je nach Voraussetzungen Rechte auf Auskunft, Berichtigung, L\u00f6schung, Einschr\u00e4nkung der Verarbeitung,<br \/>Daten\u00fcbertragbarkeit, Widerspruch sowie Widerruf erteilter Einwilligungen.<\/p>\n<p><strong>Contacto<\/strong><br \/><a href=\"mailto:info@kulturwerstatt-lapalma.com\">info@kulturwerstatt-lapalma.com<\/a><\/p>\n<h3>12. Derecho de queja<\/h3>\n<p>Du hast das Recht, dich bei einer Datenschutzaufsichtsbeh\u00f6rde zu beschweren. In Spanien ist dies insbesondere die<br \/><strong>Agencia Espa\u00f1ola de Protecci\u00f3n de Datos (AEPD)<\/strong>, Madrid.<br \/>Puede encontrar m\u00e1s informaci\u00f3n y procedimientos en l\u00ednea en el sitio web de la AEPD.<\/p>\n<p><a href=\"https:\/\/kulturwerkstatt-lapalma.com\/es\/aviso-legal\/\">Aviso legal<\/a><br \/>\u00a0|\u00a0<br \/><a href=\"https:\/\/kulturwerkstatt-lapalma.com\/es\/politica-de-cookies\/\">Pol\u00edtica de cookies<\/a><\/p>\n<\/div>\n<\/div><\/div>\n<\/div>\n<\/div>\n<\/div>","protected":false},"excerpt":{"rendered":"","protected":false},"author":2,"featured_media":0,"parent":0,"menu_order":0,"comment_status":"closed","ping_status":"closed","template":"","meta":{"pgc_sgb_lightbox_settings":"","footnotes":""},"class_list":["post-452","page","type-page","status-publish","hentry"],"yoast_head":"<!-- This site is optimized with the Yoast SEO plugin v27.3 - https:\/\/yoast.com\/product\/yoast-seo-wordpress\/ -->\n<title>Datenschutzerkl\u00e4rung - Kulturwerkstatt La Palma<\/title>\n<meta name=\"robots\" content=\"index, follow, max-snippet:-1, max-image-preview:large, max-video-preview:-1\" \/>\n<link rel=\"canonical\" href=\"https:\/\/kulturwerkstatt-lapalma.com\/es\/declaracion-de-privacidad\/\" \/>\n<meta property=\"og:locale\" content=\"es_ES\" \/>\n<meta property=\"og:type\" content=\"article\" \/>\n<meta property=\"og:title\" content=\"Datenschutzerkl\u00e4rung - Kulturwerkstatt La Palma\" \/>\n<meta property=\"og:url\" content=\"https:\/\/kulturwerkstatt-lapalma.com\/es\/declaracion-de-privacidad\/\" \/>\n<meta property=\"og:site_name\" content=\"Kulturwerkstatt La Palma\" \/>\n<meta property=\"article:modified_time\" content=\"2025-12-22T12:54:21+00:00\" \/>\n<meta property=\"og:image\" content=\"https:\/\/kulturwerkstatt-lapalma.com\/wp-content\/uploads\/2025\/12\/Logo_Kulturwerkstatt-1.png\" \/>\n\t<meta property=\"og:image:width\" content=\"250\" \/>\n\t<meta property=\"og:image:height\" content=\"250\" \/>\n\t<meta property=\"og:image:type\" content=\"image\/png\" \/>\n<meta name=\"twitter:card\" content=\"summary_large_image\" \/>\n<script type=\"application\/ld+json\" class=\"yoast-schema-graph\">{\"@context\":\"https:\\\/\\\/schema.org\",\"@graph\":[{\"@type\":\"WebPage\",\"@id\":\"https:\\\/\\\/kulturwerkstatt-lapalma.com\\\/datenschutzerklaerung\\\/\",\"url\":\"https:\\\/\\\/kulturwerkstatt-lapalma.com\\\/datenschutzerklaerung\\\/\",\"name\":\"Datenschutzerkl\u00e4rung - Kulturwerkstatt La Palma\",\"isPartOf\":{\"@id\":\"https:\\\/\\\/kulturwerkstatt-lapalma.com\\\/#website\"},\"datePublished\":\"2025-12-17T01:11:33+00:00\",\"dateModified\":\"2025-12-22T12:54:21+00:00\",\"breadcrumb\":{\"@id\":\"https:\\\/\\\/kulturwerkstatt-lapalma.com\\\/datenschutzerklaerung\\\/#breadcrumb\"},\"inLanguage\":\"es\",\"potentialAction\":[{\"@type\":\"ReadAction\",\"target\":[\"https:\\\/\\\/kulturwerkstatt-lapalma.com\\\/datenschutzerklaerung\\\/\"]}]},{\"@type\":\"BreadcrumbList\",\"@id\":\"https:\\\/\\\/kulturwerkstatt-lapalma.com\\\/datenschutzerklaerung\\\/#breadcrumb\",\"itemListElement\":[{\"@type\":\"ListItem\",\"position\":1,\"name\":\"Start\",\"item\":\"https:\\\/\\\/kulturwerkstatt-lapalma.com\\\/\"},{\"@type\":\"ListItem\",\"position\":2,\"name\":\"Datenschutzerkl\u00e4rung\"}]},{\"@type\":\"WebSite\",\"@id\":\"https:\\\/\\\/kulturwerkstatt-lapalma.com\\\/#website\",\"url\":\"https:\\\/\\\/kulturwerkstatt-lapalma.com\\\/\",\"name\":\"Kulturwerkstatt La Palma\",\"description\":\"Kultur,Workshops, Kunst, Vortr\u00e4ge, Veranstaltungen\",\"publisher\":{\"@id\":\"https:\\\/\\\/kulturwerkstatt-lapalma.com\\\/#organization\"},\"potentialAction\":[{\"@type\":\"SearchAction\",\"target\":{\"@type\":\"EntryPoint\",\"urlTemplate\":\"https:\\\/\\\/kulturwerkstatt-lapalma.com\\\/?s={search_term_string}\"},\"query-input\":{\"@type\":\"PropertyValueSpecification\",\"valueRequired\":true,\"valueName\":\"search_term_string\"}}],\"inLanguage\":\"es\"},{\"@type\":\"Organization\",\"@id\":\"https:\\\/\\\/kulturwerkstatt-lapalma.com\\\/#organization\",\"name\":\"Kulturwerkstatt La Palma\",\"url\":\"https:\\\/\\\/kulturwerkstatt-lapalma.com\\\/\",\"logo\":{\"@type\":\"ImageObject\",\"inLanguage\":\"es\",\"@id\":\"https:\\\/\\\/kulturwerkstatt-lapalma.com\\\/#\\\/schema\\\/logo\\\/image\\\/\",\"url\":\"https:\\\/\\\/kulturwerkstatt-lapalma.com\\\/wp-content\\\/uploads\\\/2025\\\/12\\\/Kulturwerkstatt_la_Palma-1024x683.png\",\"contentUrl\":\"https:\\\/\\\/kulturwerkstatt-lapalma.com\\\/wp-content\\\/uploads\\\/2025\\\/12\\\/Kulturwerkstatt_la_Palma-1024x683.png\",\"width\":1024,\"height\":683,\"caption\":\"Kulturwerkstatt La Palma\"},\"image\":{\"@id\":\"https:\\\/\\\/kulturwerkstatt-lapalma.com\\\/#\\\/schema\\\/logo\\\/image\\\/\"}}]}<\/script>\n<!-- \/ Yoast SEO plugin. -->","yoast_head_json":{"title":"Pol\u00edtica de privacidad - Kulturwerkstatt La Palma","robots":{"index":"index","follow":"follow","max-snippet":"max-snippet:-1","max-image-preview":"max-image-preview:large","max-video-preview":"max-video-preview:-1"},"canonical":"https:\/\/kulturwerkstatt-lapalma.com\/es\/declaracion-de-privacidad\/","og_locale":"es_ES","og_type":"article","og_title":"Datenschutzerkl\u00e4rung - Kulturwerkstatt La Palma","og_url":"https:\/\/kulturwerkstatt-lapalma.com\/es\/declaracion-de-privacidad\/","og_site_name":"Kulturwerkstatt La Palma","article_modified_time":"2025-12-22T12:54:21+00:00","og_image":[{"width":250,"height":250,"url":"https:\/\/kulturwerkstatt-lapalma.com\/wp-content\/uploads\/2025\/12\/Logo_Kulturwerkstatt-1.png","type":"image\/png"}],"twitter_card":"summary_large_image","schema":{"@context":"https:\/\/schema.org","@graph":[{"@type":"WebPage","@id":"https:\/\/kulturwerkstatt-lapalma.com\/datenschutzerklaerung\/","url":"https:\/\/kulturwerkstatt-lapalma.com\/datenschutzerklaerung\/","name":"Pol\u00edtica de privacidad - Kulturwerkstatt La Palma","isPartOf":{"@id":"https:\/\/kulturwerkstatt-lapalma.com\/#website"},"datePublished":"2025-12-17T01:11:33+00:00","dateModified":"2025-12-22T12:54:21+00:00","breadcrumb":{"@id":"https:\/\/kulturwerkstatt-lapalma.com\/datenschutzerklaerung\/#breadcrumb"},"inLanguage":"es","potentialAction":[{"@type":"ReadAction","target":["https:\/\/kulturwerkstatt-lapalma.com\/datenschutzerklaerung\/"]}]},{"@type":"BreadcrumbList","@id":"https:\/\/kulturwerkstatt-lapalma.com\/datenschutzerklaerung\/#breadcrumb","itemListElement":[{"@type":"ListItem","position":1,"name":"Start","item":"https:\/\/kulturwerkstatt-lapalma.com\/"},{"@type":"ListItem","position":2,"name":"Datenschutzerkl\u00e4rung"}]},{"@type":"WebSite","@id":"https:\/\/kulturwerkstatt-lapalma.com\/#website","url":"https:\/\/kulturwerkstatt-lapalma.com\/","name":"Centro Cultural de La Palma","description":"Cultura, Talleres, Arte, Conferencias, Eventos","publisher":{"@id":"https:\/\/kulturwerkstatt-lapalma.com\/#organization"},"potentialAction":[{"@type":"SearchAction","target":{"@type":"EntryPoint","urlTemplate":"https:\/\/kulturwerkstatt-lapalma.com\/?s={search_term_string}"},"query-input":{"@type":"PropertyValueSpecification","valueRequired":true,"valueName":"search_term_string"}}],"inLanguage":"es"},{"@type":"Organization","@id":"https:\/\/kulturwerkstatt-lapalma.com\/#organization","name":"Centro Cultural de La Palma","url":"https:\/\/kulturwerkstatt-lapalma.com\/","logo":{"@type":"ImageObject","inLanguage":"es","@id":"https:\/\/kulturwerkstatt-lapalma.com\/#\/schema\/logo\/image\/","url":"https:\/\/kulturwerkstatt-lapalma.com\/wp-content\/uploads\/2025\/12\/Kulturwerkstatt_la_Palma-1024x683.png","contentUrl":"https:\/\/kulturwerkstatt-lapalma.com\/wp-content\/uploads\/2025\/12\/Kulturwerkstatt_la_Palma-1024x683.png","width":1024,"height":683,"caption":"Kulturwerkstatt La Palma"},"image":{"@id":"https:\/\/kulturwerkstatt-lapalma.com\/#\/schema\/logo\/image\/"}}]}},"_links":{"self":[{"href":"https:\/\/kulturwerkstatt-lapalma.com\/es\/wp-json\/wp\/v2\/pages\/452","targetHints":{"allow":["GET"]}}],"collection":[{"href":"https:\/\/kulturwerkstatt-lapalma.com\/es\/wp-json\/wp\/v2\/pages"}],"about":[{"href":"https:\/\/kulturwerkstatt-lapalma.com\/es\/wp-json\/wp\/v2\/types\/page"}],"author":[{"embeddable":true,"href":"https:\/\/kulturwerkstatt-lapalma.com\/es\/wp-json\/wp\/v2\/users\/2"}],"replies":[{"embeddable":true,"href":"https:\/\/kulturwerkstatt-lapalma.com\/es\/wp-json\/wp\/v2\/comments?post=452"}],"version-history":[{"count":5,"href":"https:\/\/kulturwerkstatt-lapalma.com\/es\/wp-json\/wp\/v2\/pages\/452\/revisions"}],"predecessor-version":[{"id":662,"href":"https:\/\/kulturwerkstatt-lapalma.com\/es\/wp-json\/wp\/v2\/pages\/452\/revisions\/662"}],"wp:attachment":[{"href":"https:\/\/kulturwerkstatt-lapalma.com\/es\/wp-json\/wp\/v2\/media?parent=452"}],"curies":[{"name":"wp","href":"https:\/\/api.w.org\/{rel}","templated":true}]}}