{"id":993,"date":"2026-01-31T23:26:42","date_gmt":"2026-01-31T23:26:42","guid":{"rendered":"https:\/\/kulturwerkstatt-lapalma.com\/?page_id=993"},"modified":"2026-01-31T23:39:16","modified_gmt":"2026-01-31T23:39:16","slug":"berichte-zu-den-veranstaltungen","status":"publish","type":"page","link":"https:\/\/kulturwerkstatt-lapalma.com\/es\/berichte-zu-den-veranstaltungen\/","title":{"rendered":"Berichte zu den Veranstaltungen"},"content":{"rendered":"<div class=\"et_pb_section_0 et_pb_section et_section_regular et_flex_section\">\n<div class=\"et_pb_row_0 et_pb_row et_flex_row\">\n<div class=\"et_pb_column_0 et_pb_column et_flex_column et_pb_css_mix_blend_mode_passthrough et_flex_column_24_24 et_flex_column_24_24_tablet et_flex_column_24_24_phone\">\n<div class=\"et_pb_text_0 et_pb_text et_pb_bg_layout_light et_pb_module et_flex_module\"><div class=\"et_pb_text_inner\"><h1>Berichte zu den Veranstaltungen<\/h1>\n<\/div><\/div>\n<\/div>\n\n<div class=\"et_pb_column_1 et_pb_column et-last-child et_flex_column et_pb_css_mix_blend_mode_passthrough et_flex_column_24_24 et_flex_column_24_24_tablet et_flex_column_24_24_phone\">\n<div class=\"et_pb_blog_0 et_pb_blog et_pb_bg_layout_light et_pb_posts et_pb_module\"><div class=\"et_pb_ajax_pagination_container\"><div class=\"et_pb_posts et_grid_module\"><article class=\"et_pb_post et_pb_post_id_1063 clearfix et_pb_blog_item_0_0 post-1063 post type-post status-publish format-standard has-post-thumbnail hentry category-workshop\"><div class=\"et_pb_image_container\"><a href=\"https:\/\/kulturwerkstatt-lapalma.com\/es\/%f0%9f%8e%ad-workshop-aus-dem-moment-for-the-moment-del-momento-al-momento\/\" class=\"entry-featured-image-url\"><img decoding=\"async\" src=\"https:\/\/kulturwerkstatt-lapalma.com\/wp-content\/uploads\/2026\/02\/Impro-Theater-Workshop5.jpg\" width=\"400\" height=\"284\" alt=\"\ud83c\udfad Workshop: \u201cAus dem Moment for the Moment \u2013 Del Momento al Momento\u201d\" class=\"\" srcset=\"https:\/\/kulturwerkstatt-lapalma.com\/wp-content\/uploads\/2026\/02\/Impro-Theater-Workshop5.jpg 479w, https:\/\/kulturwerkstatt-lapalma.com\/wp-content\/uploads\/2026\/02\/Impro-Theater-Workshop5-400x284.jpg 480w\" sizes=\"(max-width:479px) 479px, 100vw\" \/><span data-icon=\"\ue050\" class=\"et_overlay et_pb_inline_icon\"><\/span><\/a><\/div><h2 class=\"entry-title\"><a href=\"https:\/\/kulturwerkstatt-lapalma.com\/es\/%f0%9f%8e%ad-workshop-aus-dem-moment-for-the-moment-del-momento-al-momento\/\">\ud83c\udfad Workshop: \u201cAus dem Moment for the Moment \u2013 Del Momento al Momento\u201d<\/a><\/h2><p class=\"post-meta\">por <span class=\"author vcard\"><a href=\"https:\/\/kulturwerkstatt-lapalma.com\/es\/author\/hermes\/\" title=\"Entradas de Hermes\" rel=\"author\">Hermes<\/a><\/span> | <span class=\"published\">Feb 18, 2026<\/span> | <span class=\"entry-categories\"><a href=\"https:\/\/kulturwerkstatt-lapalma.com\/es\/category\/workshop\/\" rel=\"tag\">Workshop<\/a><\/span><\/p><div class=\"post-content\"><div class=\"post-content-inner\"><p>\ud83c\udfad Bericht: Workshop \u201eAus dem Moment for the Moment \u2013 Del Momento al Momento\u201c (Peggy Hoffmann) Im ersten Teil des Improtheater-Workshops mit Peggy Hoffmann waren wir zwar nur wenige TeilnehmerInnen, aber alle haben umso mehr davon profitieren und es intensiver erleben&#8230;<\/p>\n<\/div><\/div><\/article><article class=\"et_pb_post et_pb_post_id_1044 clearfix et_pb_blog_item_0_1 post-1044 post type-post status-publish format-standard has-post-thumbnail hentry category-vortrag\"><div class=\"et_pb_image_container\"><a href=\"https:\/\/kulturwerkstatt-lapalma.com\/es\/astronomie-auf-la-palma-vortrag-von-kai-v-schauroth\/\" class=\"entry-featured-image-url\"><img decoding=\"async\" src=\"https:\/\/kulturwerkstatt-lapalma.com\/wp-content\/uploads\/2026\/02\/Astro-Vortraag.webp\" width=\"400\" height=\"284\" alt=\"Astronomie auf La Palma \u2013 Vortrag von Kai v. Schauroth\" class=\"\" srcset=\"https:\/\/kulturwerkstatt-lapalma.com\/wp-content\/uploads\/2026\/02\/Astro-Vortraag.webp 479w, https:\/\/kulturwerkstatt-lapalma.com\/wp-content\/uploads\/2026\/02\/Astro-Vortraag-400x284.webp 480w\" sizes=\"(max-width:479px) 479px, 100vw\" \/><span data-icon=\"\ue050\" class=\"et_overlay et_pb_inline_icon\"><\/span><\/a><\/div><h2 class=\"entry-title\"><a href=\"https:\/\/kulturwerkstatt-lapalma.com\/es\/astronomie-auf-la-palma-vortrag-von-kai-v-schauroth\/\">Astronomie auf La Palma \u2013 Vortrag von Kai v. Schauroth<\/a><\/h2><p class=\"post-meta\">por <span class=\"author vcard\"><a href=\"https:\/\/kulturwerkstatt-lapalma.com\/es\/author\/hermes\/\" title=\"Entradas de Hermes\" rel=\"author\">Hermes<\/a><\/span> | <span class=\"published\">Feb 16, 2026<\/span> | <span class=\"entry-categories\"><a href=\"https:\/\/kulturwerkstatt-lapalma.com\/es\/category\/vortrag\/\" rel=\"tag\">Vortrag<\/a><\/span><\/p><div class=\"post-content\"><div class=\"post-content-inner\"><p>\ud83d\udd2d Astronomie auf La Palma \u2013 Vortrag von Kai v. Schauroth (13.02.26) Der Vortrag \u00fcber die Astronomie hat viele Menschen interessiert und war sehr gut besucht. Einmal mehr war der Raum des Viento del Norte gef\u00fcllt und man h\u00f6rte mit gro\u00dfer Aufmerksamkeit den Ausf\u00fchrungen&#8230;<\/p>\n<\/div><\/div><\/article><article class=\"et_pb_post et_pb_post_id_979 clearfix et_pb_blog_item_0_2 post-979 post type-post status-publish format-standard has-post-thumbnail hentry category-uncategorized\"><div class=\"et_pb_image_container\"><a href=\"https:\/\/kulturwerkstatt-lapalma.com\/es\/das-maerchenseminar-ueber-dornroeschen-bei-andrea-loesch\/\" class=\"entry-featured-image-url\"><img decoding=\"async\" src=\"https:\/\/kulturwerkstatt-lapalma.com\/wp-content\/uploads\/2026\/01\/Maerchenseminar-1.jpg\" width=\"400\" height=\"284\" alt=\"Das M\u00e4rchenseminar \u00fcber Dornr\u00f6schen bei Andrea Loesch\" class=\"\" srcset=\"https:\/\/kulturwerkstatt-lapalma.com\/wp-content\/uploads\/2026\/01\/Maerchenseminar-1.jpg 479w, https:\/\/kulturwerkstatt-lapalma.com\/wp-content\/uploads\/2026\/01\/Maerchenseminar-1-400x284.jpg 480w\" sizes=\"(max-width:479px) 479px, 100vw\" \/><span data-icon=\"\ue050\" class=\"et_overlay et_pb_inline_icon\"><\/span><\/a><\/div><h2 class=\"entry-title\"><a href=\"https:\/\/kulturwerkstatt-lapalma.com\/es\/das-maerchenseminar-ueber-dornroeschen-bei-andrea-loesch\/\">Das M\u00e4rchenseminar \u00fcber Dornr\u00f6schen bei Andrea Loesch<\/a><\/h2><p class=\"post-meta\">por <span class=\"author vcard\"><a href=\"https:\/\/kulturwerkstatt-lapalma.com\/es\/author\/hermes\/\" title=\"Entradas de Hermes\" rel=\"author\">Hermes<\/a><\/span> | <span class=\"published\">Ene 31, 2026<\/span> | <span class=\"entry-categories\"><a href=\"https:\/\/kulturwerkstatt-lapalma.com\/es\/category\/uncategorized\/\" rel=\"tag\">Uncategorized<\/a><\/span><\/p><div class=\"post-content\"><div class=\"post-content-inner\"><p>Das M\u00e4rchenseminar \u00fcber Dornr\u00f6schen bei Andrea Loesch war sehr inspirierend und sch\u00f6n aufgebaut. Gerne m\u00f6chten wir sie f\u00fcr eine Fortsetzung einladen und hoffen, dass mehr Menschen sich davon angesprochen f\u00fchlen. M\u00e4rchen sind ein wahrer Schatz an Erkenntnissen und&#8230;<\/p>\n<\/div><\/div><\/article><article class=\"et_pb_post et_pb_post_id_878 clearfix et_pb_blog_item_0_3 post-878 post type-post status-publish format-standard has-post-thumbnail hentry category-vortrag category-vortraege\"><div class=\"et_pb_image_container\"><a href=\"https:\/\/kulturwerkstatt-lapalma.com\/es\/ein-voller-erfolg-mit-harald-brehm\/\" class=\"entry-featured-image-url\"><img decoding=\"async\" src=\"https:\/\/kulturwerkstatt-lapalma.com\/wp-content\/uploads\/2026\/01\/Harald-Braem.jpg\" width=\"400\" height=\"284\" alt=\"Ein voller Erfolg mit Harald Braem\" class=\"\" srcset=\"https:\/\/kulturwerkstatt-lapalma.com\/wp-content\/uploads\/2026\/01\/Harald-Braem.jpg 479w, https:\/\/kulturwerkstatt-lapalma.com\/wp-content\/uploads\/2026\/01\/Harald-Braem-400x284.jpg 480w\" sizes=\"(max-width:479px) 479px, 100vw\" \/><span data-icon=\"\ue050\" class=\"et_overlay et_pb_inline_icon\"><\/span><\/a><\/div><h2 class=\"entry-title\"><a href=\"https:\/\/kulturwerkstatt-lapalma.com\/es\/ein-voller-erfolg-mit-harald-brehm\/\">Ein voller Erfolg mit Harald Braem<\/a><\/h2><p class=\"post-meta\">por <span class=\"author vcard\"><a href=\"https:\/\/kulturwerkstatt-lapalma.com\/es\/author\/hermes\/\" title=\"Entradas de Hermes\" rel=\"author\">Hermes<\/a><\/span> | <span class=\"published\">Ene 10, 2026<\/span> | <span class=\"entry-categories\"><a href=\"https:\/\/kulturwerkstatt-lapalma.com\/es\/category\/vortrag\/\" rel=\"tag\">Vortrag<\/a>, <a href=\"https:\/\/kulturwerkstatt-lapalma.com\/es\/category\/vortraege\/\" rel=\"tag\">Vortr\u00e4ge<\/a><\/span><\/p><div class=\"post-content\"><div class=\"post-content-inner\"><p>\u2728 Ein voller Erfolg mit Harald BraemDer Vortrag \u00fcber die Guanchen-Forschung mit Harald Braem war ein voller Erfolg. Rund 50 interessierte Besucher waren dabei \u2013 aufmerksam, neugierig und sp\u00fcrbar begeistert. Auch den mystischen Kl\u00e4ngen und dem schamanischen Gesang von&#8230;<\/p>\n<\/div><\/div><\/article><\/div><div class=\"pagination clearfix\">\n\t<div class=\"alignleft\"><\/div>\n\t<div class=\"alignright\"><\/div>\n<\/div><\/div><\/div>\n<\/div>\n<\/div>\n<\/div>","protected":false},"excerpt":{"rendered":"","protected":false},"author":2,"featured_media":0,"parent":0,"menu_order":0,"comment_status":"closed","ping_status":"closed","template":"","meta":{"pgc_sgb_lightbox_settings":"","footnotes":""},"class_list":["post-993","page","type-page","status-publish","hentry"],"yoast_head":"<!-- This site is optimized with the Yoast SEO plugin v27.3 - https:\/\/yoast.com\/product\/yoast-seo-wordpress\/ -->\n<title>Berichte zu den Veranstaltungen - Kulturwerkstatt La Palma<\/title>\n<meta name=\"robots\" content=\"index, follow, max-snippet:-1, max-image-preview:large, max-video-preview:-1\" \/>\n<link rel=\"canonical\" href=\"https:\/\/kulturwerkstatt-lapalma.com\/es\/berichte-zu-den-veranstaltungen\/\" \/>\n<meta property=\"og:locale\" content=\"es_ES\" \/>\n<meta property=\"og:type\" content=\"article\" \/>\n<meta property=\"og:title\" content=\"Berichte zu den Veranstaltungen - Kulturwerkstatt La Palma\" \/>\n<meta property=\"og:url\" content=\"https:\/\/kulturwerkstatt-lapalma.com\/es\/berichte-zu-den-veranstaltungen\/\" \/>\n<meta property=\"og:site_name\" content=\"Kulturwerkstatt La Palma\" \/>\n<meta property=\"article:modified_time\" content=\"2026-01-31T23:39:16+00:00\" \/>\n<meta property=\"og:image\" content=\"https:\/\/kulturwerkstatt-lapalma.com\/wp-content\/uploads\/2025\/12\/Logo_Kulturwerkstatt-1.png\" \/>\n\t<meta property=\"og:image:width\" content=\"250\" \/>\n\t<meta property=\"og:image:height\" content=\"250\" \/>\n\t<meta property=\"og:image:type\" content=\"image\/png\" \/>\n<meta name=\"twitter:card\" content=\"summary_large_image\" \/>\n<script type=\"application\/ld+json\" class=\"yoast-schema-graph\">{\"@context\":\"https:\\\/\\\/schema.org\",\"@graph\":[{\"@type\":\"WebPage\",\"@id\":\"https:\\\/\\\/kulturwerkstatt-lapalma.com\\\/berichte-zu-den-veranstaltungen\\\/\",\"url\":\"https:\\\/\\\/kulturwerkstatt-lapalma.com\\\/berichte-zu-den-veranstaltungen\\\/\",\"name\":\"Berichte zu den Veranstaltungen - Kulturwerkstatt La Palma\",\"isPartOf\":{\"@id\":\"https:\\\/\\\/kulturwerkstatt-lapalma.com\\\/#website\"},\"datePublished\":\"2026-01-31T23:26:42+00:00\",\"dateModified\":\"2026-01-31T23:39:16+00:00\",\"breadcrumb\":{\"@id\":\"https:\\\/\\\/kulturwerkstatt-lapalma.com\\\/berichte-zu-den-veranstaltungen\\\/#breadcrumb\"},\"inLanguage\":\"es\",\"potentialAction\":[{\"@type\":\"ReadAction\",\"target\":[\"https:\\\/\\\/kulturwerkstatt-lapalma.com\\\/berichte-zu-den-veranstaltungen\\\/\"]}]},{\"@type\":\"BreadcrumbList\",\"@id\":\"https:\\\/\\\/kulturwerkstatt-lapalma.com\\\/berichte-zu-den-veranstaltungen\\\/#breadcrumb\",\"itemListElement\":[{\"@type\":\"ListItem\",\"position\":1,\"name\":\"Start\",\"item\":\"https:\\\/\\\/kulturwerkstatt-lapalma.com\\\/\"},{\"@type\":\"ListItem\",\"position\":2,\"name\":\"Berichte zu den Veranstaltungen\"}]},{\"@type\":\"WebSite\",\"@id\":\"https:\\\/\\\/kulturwerkstatt-lapalma.com\\\/#website\",\"url\":\"https:\\\/\\\/kulturwerkstatt-lapalma.com\\\/\",\"name\":\"Kulturwerkstatt La Palma\",\"description\":\"Kultur,Workshops, Kunst, Vortr\u00e4ge, Veranstaltungen\",\"publisher\":{\"@id\":\"https:\\\/\\\/kulturwerkstatt-lapalma.com\\\/#organization\"},\"potentialAction\":[{\"@type\":\"SearchAction\",\"target\":{\"@type\":\"EntryPoint\",\"urlTemplate\":\"https:\\\/\\\/kulturwerkstatt-lapalma.com\\\/?s={search_term_string}\"},\"query-input\":{\"@type\":\"PropertyValueSpecification\",\"valueRequired\":true,\"valueName\":\"search_term_string\"}}],\"inLanguage\":\"es\"},{\"@type\":\"Organization\",\"@id\":\"https:\\\/\\\/kulturwerkstatt-lapalma.com\\\/#organization\",\"name\":\"Kulturwerkstatt La Palma\",\"url\":\"https:\\\/\\\/kulturwerkstatt-lapalma.com\\\/\",\"logo\":{\"@type\":\"ImageObject\",\"inLanguage\":\"es\",\"@id\":\"https:\\\/\\\/kulturwerkstatt-lapalma.com\\\/#\\\/schema\\\/logo\\\/image\\\/\",\"url\":\"https:\\\/\\\/kulturwerkstatt-lapalma.com\\\/wp-content\\\/uploads\\\/2025\\\/12\\\/Kulturwerkstatt_la_Palma-1024x683.png\",\"contentUrl\":\"https:\\\/\\\/kulturwerkstatt-lapalma.com\\\/wp-content\\\/uploads\\\/2025\\\/12\\\/Kulturwerkstatt_la_Palma-1024x683.png\",\"width\":1024,\"height\":683,\"caption\":\"Kulturwerkstatt La Palma\"},\"image\":{\"@id\":\"https:\\\/\\\/kulturwerkstatt-lapalma.com\\\/#\\\/schema\\\/logo\\\/image\\\/\"}}]}<\/script>\n<!-- \/ Yoast SEO plugin. -->","yoast_head_json":{"title":"Berichte zu den Veranstaltungen - Kulturwerkstatt La Palma","robots":{"index":"index","follow":"follow","max-snippet":"max-snippet:-1","max-image-preview":"max-image-preview:large","max-video-preview":"max-video-preview:-1"},"canonical":"https:\/\/kulturwerkstatt-lapalma.com\/es\/berichte-zu-den-veranstaltungen\/","og_locale":"es_ES","og_type":"article","og_title":"Berichte zu den Veranstaltungen - Kulturwerkstatt La Palma","og_url":"https:\/\/kulturwerkstatt-lapalma.com\/es\/berichte-zu-den-veranstaltungen\/","og_site_name":"Kulturwerkstatt La Palma","article_modified_time":"2026-01-31T23:39:16+00:00","og_image":[{"width":250,"height":250,"url":"https:\/\/kulturwerkstatt-lapalma.com\/wp-content\/uploads\/2025\/12\/Logo_Kulturwerkstatt-1.png","type":"image\/png"}],"twitter_card":"summary_large_image","schema":{"@context":"https:\/\/schema.org","@graph":[{"@type":"WebPage","@id":"https:\/\/kulturwerkstatt-lapalma.com\/berichte-zu-den-veranstaltungen\/","url":"https:\/\/kulturwerkstatt-lapalma.com\/berichte-zu-den-veranstaltungen\/","name":"Berichte zu den Veranstaltungen - Kulturwerkstatt La Palma","isPartOf":{"@id":"https:\/\/kulturwerkstatt-lapalma.com\/#website"},"datePublished":"2026-01-31T23:26:42+00:00","dateModified":"2026-01-31T23:39:16+00:00","breadcrumb":{"@id":"https:\/\/kulturwerkstatt-lapalma.com\/berichte-zu-den-veranstaltungen\/#breadcrumb"},"inLanguage":"es","potentialAction":[{"@type":"ReadAction","target":["https:\/\/kulturwerkstatt-lapalma.com\/berichte-zu-den-veranstaltungen\/"]}]},{"@type":"BreadcrumbList","@id":"https:\/\/kulturwerkstatt-lapalma.com\/berichte-zu-den-veranstaltungen\/#breadcrumb","itemListElement":[{"@type":"ListItem","position":1,"name":"Start","item":"https:\/\/kulturwerkstatt-lapalma.com\/"},{"@type":"ListItem","position":2,"name":"Berichte zu den Veranstaltungen"}]},{"@type":"WebSite","@id":"https:\/\/kulturwerkstatt-lapalma.com\/#website","url":"https:\/\/kulturwerkstatt-lapalma.com\/","name":"Kulturwerkstatt La Palma","description":"Kultur,Workshops, Kunst, Vortr\u00e4ge, Veranstaltungen","publisher":{"@id":"https:\/\/kulturwerkstatt-lapalma.com\/#organization"},"potentialAction":[{"@type":"SearchAction","target":{"@type":"EntryPoint","urlTemplate":"https:\/\/kulturwerkstatt-lapalma.com\/?s={search_term_string}"},"query-input":{"@type":"PropertyValueSpecification","valueRequired":true,"valueName":"search_term_string"}}],"inLanguage":"es"},{"@type":"Organization","@id":"https:\/\/kulturwerkstatt-lapalma.com\/#organization","name":"Kulturwerkstatt La Palma","url":"https:\/\/kulturwerkstatt-lapalma.com\/","logo":{"@type":"ImageObject","inLanguage":"es","@id":"https:\/\/kulturwerkstatt-lapalma.com\/#\/schema\/logo\/image\/","url":"https:\/\/kulturwerkstatt-lapalma.com\/wp-content\/uploads\/2025\/12\/Kulturwerkstatt_la_Palma-1024x683.png","contentUrl":"https:\/\/kulturwerkstatt-lapalma.com\/wp-content\/uploads\/2025\/12\/Kulturwerkstatt_la_Palma-1024x683.png","width":1024,"height":683,"caption":"Kulturwerkstatt La Palma"},"image":{"@id":"https:\/\/kulturwerkstatt-lapalma.com\/#\/schema\/logo\/image\/"}}]}},"_links":{"self":[{"href":"https:\/\/kulturwerkstatt-lapalma.com\/es\/wp-json\/wp\/v2\/pages\/993","targetHints":{"allow":["GET"]}}],"collection":[{"href":"https:\/\/kulturwerkstatt-lapalma.com\/es\/wp-json\/wp\/v2\/pages"}],"about":[{"href":"https:\/\/kulturwerkstatt-lapalma.com\/es\/wp-json\/wp\/v2\/types\/page"}],"author":[{"embeddable":true,"href":"https:\/\/kulturwerkstatt-lapalma.com\/es\/wp-json\/wp\/v2\/users\/2"}],"replies":[{"embeddable":true,"href":"https:\/\/kulturwerkstatt-lapalma.com\/es\/wp-json\/wp\/v2\/comments?post=993"}],"version-history":[{"count":3,"href":"https:\/\/kulturwerkstatt-lapalma.com\/es\/wp-json\/wp\/v2\/pages\/993\/revisions"}],"predecessor-version":[{"id":996,"href":"https:\/\/kulturwerkstatt-lapalma.com\/es\/wp-json\/wp\/v2\/pages\/993\/revisions\/996"}],"wp:attachment":[{"href":"https:\/\/kulturwerkstatt-lapalma.com\/es\/wp-json\/wp\/v2\/media?parent=993"}],"curies":[{"name":"wp","href":"https:\/\/api.w.org\/{rel}","templated":true}]}}